{"id":110,"date":"2022-06-01T11:05:14","date_gmt":"2022-06-01T11:05:14","guid":{"rendered":"https:\/\/jachabauer.de\/?page_id=110"},"modified":"2022-08-18T10:20:41","modified_gmt":"2022-08-18T10:20:41","slug":"waschhaus","status":"publish","type":"page","link":"https:\/\/jachabauer.de\/?page_id=110","title":{"rendered":"Waschhaus"},"content":{"rendered":"\n<p>Ihre Klamotten sind schmutzig?&nbsp;<\/p>\n\n\n\n<p>Kein Problem, in unserem Waschhaus stehen Waschmaschinen und W\u00e4schetrockner zur kostenlosen Nutzung bereit. Waschpulver k\u00f6nnen sie sowohl bei uns erwerben aber auch selbst mitbringen.<\/p>\n\n\n\n<p>Sollten sie keine Ahnung vom Waschen haben, eine Anleitung gibt es selbstverst\u00e4ndlich auch. Falls sie ihre W\u00e4sche von uns gewaschen haben wollen, sprechen sie uns an, gegen einen angemessenen Obulus k\u00f6nnen auch wir ihre W\u00e4sche waschen und ggf. b\u00fcgeln.<\/p>\n\n\n\n<p><strong>Austattung zur kostenlosen Nutzung:<\/strong>&nbsp;<\/p>\n\n\n\n<ul class=\"wp-block-list\"><li>2 Waschmaschinen \u00e0 7kg Fassungsverm\u00f6gen<\/li><li>2 W\u00e4schetrockner<\/li><li>1 Schuhputzmaschine<\/li><\/ul>\n","protected":false},"excerpt":{"rendered":"<p>Ihre Klamotten sind schmutzig?&nbsp; Kein Problem, in unserem Waschhaus stehen Waschmaschinen und W\u00e4schetrockner zur kostenlosen Nutzung bereit. Waschpulver k\u00f6nnen sie sowohl bei uns erwerben aber auch selbst mitbringen. Sollten sie [&hellip;]<\/p>\n","protected":false},"author":1,"featured_media":0,"parent":0,"menu_order":0,"comment_status":"closed","ping_status":"closed","template":"","meta":{"footnotes":""},"class_list":["post-110","page","type-page","status-publish","czr-hentry"],"_links":{"self":[{"href":"https:\/\/jachabauer.de\/index.php?rest_route=\/wp\/v2\/pages\/110","targetHints":{"allow":["GET"]}}],"collection":[{"href":"https:\/\/jachabauer.de\/index.php?rest_route=\/wp\/v2\/pages"}],"about":[{"href":"https:\/\/jachabauer.de\/index.php?rest_route=\/wp\/v2\/types\/page"}],"author":[{"embeddable":true,"href":"https:\/\/jachabauer.de\/index.php?rest_route=\/wp\/v2\/users\/1"}],"replies":[{"embeddable":true,"href":"https:\/\/jachabauer.de\/index.php?rest_route=%2Fwp%2Fv2%2Fcomments&post=110"}],"version-history":[{"count":2,"href":"https:\/\/jachabauer.de\/index.php?rest_route=\/wp\/v2\/pages\/110\/revisions"}],"predecessor-version":[{"id":342,"href":"https:\/\/jachabauer.de\/index.php?rest_route=\/wp\/v2\/pages\/110\/revisions\/342"}],"wp:attachment":[{"href":"https:\/\/jachabauer.de\/index.php?rest_route=%2Fwp%2Fv2%2Fmedia&parent=110"}],"curies":[{"name":"wp","href":"https:\/\/api.w.org\/{rel}","templated":true}]}}