{"id":158,"date":"2022-06-01T11:29:27","date_gmt":"2022-06-01T11:29:27","guid":{"rendered":"https:\/\/jachabauer.de\/?page_id=158"},"modified":"2022-06-01T11:30:56","modified_gmt":"2022-06-01T11:30:56","slug":"via-danubia-donauradweg-eurovelo-6","status":"publish","type":"page","link":"https:\/\/jachabauer.de\/?page_id=158","title":{"rendered":"Via Danubia \/ Donauradweg \/Eurovelo 6"},"content":{"rendered":"\n<p>Der Donauradweg bzw. Via Danubia, bzw. die Eurovelo 6&nbsp;ist von uns rund 3,5 km entfernt. Je nachdem, welche Donauseite man fahren m\u00f6chte, kann man mit einer Gierseilf\u00e4hre zwischen Hienheim und Eining \u00fcbersetzen. Nicht weniger reizvoll ist die Gierseilf\u00e4hre von Stausacker nach Weltenburg am Beginn des Donaudurchbruchs.&nbsp;<\/p>\n\n\n\n<p>Beschreibung des Donauradweges<\/p>\n\n\n\n<p>Der Donauradweg verl\u00e4uft gr\u00f6\u00dftenteils beiderseits der Donau, teilweise jedoch nur auf einer Seite, so dass w\u00e4hrend der Reise die Donau mehrfach \u00fcberquert werden muss. Er folgt dabei einer antiken R\u00f6merstra\u00dfe entlang des Donaulimes, der die Stationen, Kastelle und Festungen bis zum Donaudelta verband. Diese war als Donauweg bzw. Via Istrum bekannt.<br>Die Donau durchflie\u00dft Landschaften von gro\u00dfer Vielfalt und mehrere Gebirge. Zus\u00e4tzlichen Reiz erh\u00e4lt der Radweg durch viele Burgen, Kl\u00f6ster, kunstvolle Bauwerke, geologische Besonderheiten und bekannte St\u00e4dte. Letztere unterscheiden sich charakterlich sehr voneinander: die einstigen Kaiserst\u00e4dte Wien und Budapest sowie die Bischofsstadt Passau beispielsweise, die hinsichtlich ihrer historischen Bedeutung im Gegensatz zur modernen Kulturstadt Linz stehen. Auch einige Naturschutzgebiete sind Bestandteil der Route. Wo der Strom die gro\u00dfen Ebenen durchquert, verl\u00e4uft der Radweg oft auf Hochwasserd\u00e4mmen mit guter Aussicht \u2013 beginnend in Niederbayern, in Ober\u00f6sterreich, im Marchfeld und schlie\u00dflich in Ungarn.<br>Der Weg ist Teil der EuroVelo-Route EV6 (Flussroute, vom Atlantik bis zum Schwarzen Meer). Der deutsche Teil des Donauradwegs entspricht der D-Route&nbsp;D6 Donauroute, der ober\u00f6sterreichische Teil ist mit R1 Donauweg, der nieder\u00f6sterreichische mit R6 Donauradweg ausgeschildert. W\u00e4hrend der Abschnitt im Oberlauf von der Quelle bis Budapest sowie im serbischen Abschnitt durchg\u00e4ngig beschildert ist, fehlen entsprechende Markierungen besonders im bulgarischen und rum\u00e4nischen Abschnitt. Hier verl\u00e4uft der Radweg zumeist auf mehr oder weniger ruhigen Landstra\u00dfen und der Radwanderer ist auf entsprechendes Kartenmaterial angewiesen.<\/p>\n\n\n\n<p class=\"has-text-align-center\"><a href=\"https:\/\/de.wikipedia.org\/wiki\/Donauradweg_(D6)\" data-type=\"URL\" data-id=\"https:\/\/de.wikipedia.org\/wiki\/Donauradweg_(D6)\" target=\"_blank\" rel=\"noreferrer noopener\">Info Donauradweg<\/a><\/p>\n\n\n\n<p class=\"has-text-align-center\"><a href=\"https:\/\/de.wikipedia.org\/wiki\/Via_Danubia\" data-type=\"URL\" data-id=\"https:\/\/de.wikipedia.org\/wiki\/Via_Danubia\" target=\"_blank\" rel=\"noreferrer noopener\">Info Via Danubia<\/a><\/p>\n\n\n\n<p class=\"has-text-align-center\"><a href=\"https:\/\/de.eurovelo.com\/ev6\" data-type=\"URL\" data-id=\"https:\/\/de.eurovelo.com\/ev6\" target=\"_blank\" rel=\"noreferrer noopener\">Info Eurovelo 6<\/a><\/p>\n","protected":false},"excerpt":{"rendered":"<p>Der Donauradweg bzw. Via Danubia, bzw. die Eurovelo 6&nbsp;ist von uns rund 3,5 km entfernt. Je nachdem, welche Donauseite man fahren m\u00f6chte, kann man mit einer Gierseilf\u00e4hre zwischen Hienheim und [&hellip;]<\/p>\n","protected":false},"author":1,"featured_media":0,"parent":0,"menu_order":0,"comment_status":"closed","ping_status":"closed","template":"","meta":{"footnotes":""},"class_list":["post-158","page","type-page","status-publish","czr-hentry"],"_links":{"self":[{"href":"https:\/\/jachabauer.de\/index.php?rest_route=\/wp\/v2\/pages\/158","targetHints":{"allow":["GET"]}}],"collection":[{"href":"https:\/\/jachabauer.de\/index.php?rest_route=\/wp\/v2\/pages"}],"about":[{"href":"https:\/\/jachabauer.de\/index.php?rest_route=\/wp\/v2\/types\/page"}],"author":[{"embeddable":true,"href":"https:\/\/jachabauer.de\/index.php?rest_route=\/wp\/v2\/users\/1"}],"replies":[{"embeddable":true,"href":"https:\/\/jachabauer.de\/index.php?rest_route=%2Fwp%2Fv2%2Fcomments&post=158"}],"version-history":[{"count":3,"href":"https:\/\/jachabauer.de\/index.php?rest_route=\/wp\/v2\/pages\/158\/revisions"}],"predecessor-version":[{"id":162,"href":"https:\/\/jachabauer.de\/index.php?rest_route=\/wp\/v2\/pages\/158\/revisions\/162"}],"wp:attachment":[{"href":"https:\/\/jachabauer.de\/index.php?rest_route=%2Fwp%2Fv2%2Fmedia&parent=158"}],"curies":[{"name":"wp","href":"https:\/\/api.w.org\/{rel}","templated":true}]}}