{"id":167,"date":"2022-06-01T11:33:58","date_gmt":"2022-06-01T11:33:58","guid":{"rendered":"https:\/\/jachabauer.de\/?page_id=167"},"modified":"2022-06-01T11:33:59","modified_gmt":"2022-06-01T11:33:59","slug":"altmuehltalradweg","status":"publish","type":"page","link":"https:\/\/jachabauer.de\/?page_id=167","title":{"rendered":"Altm\u00fchltalradweg"},"content":{"rendered":"\n<p>Der Altm\u00fchltalradweg (auch Altm\u00fchltal-Radweg oder kurz Altm\u00fchlweg genannt) ist ein etwa 250 km langer Fernradweg in Bayern. Er erstreckt sich von Rothenburg ob der Tauber jenseits der kontinentalen Wasserscheide im Nordwesten bis Kelheim an der M\u00fcndung der Altm\u00fchl in die Donau im S\u00fcdosten.<\/p>\n\n\n\n<p>Man gelangt von uns aus am einfachsten \u00fcber Gut Schwaben nach Essing (12km) zu einem Einstiegspunkt auf dem Radweg. &nbsp;<\/p>\n\n\n\n<p class=\"has-text-align-center\"><a href=\"https:\/\/de.wikipedia.org\/wiki\/Altm\u00fchltalradweg\" data-type=\"URL\" data-id=\"https:\/\/de.wikipedia.org\/wiki\/Altm\u00fchltalradweg\" target=\"_blank\" rel=\"noreferrer noopener\">Info Altm\u00fchltalradweg<\/a><\/p>\n\n\n\n<figure class=\"wp-block-image size-full\"><img loading=\"lazy\" decoding=\"async\" width=\"800\" height=\"367\" src=\"https:\/\/jachabauer.de\/wp-content\/uploads\/2022\/06\/RMD01.jpg\" alt=\"\" class=\"wp-image-168\" srcset=\"https:\/\/jachabauer.de\/wp-content\/uploads\/2022\/06\/RMD01.jpg 800w, https:\/\/jachabauer.de\/wp-content\/uploads\/2022\/06\/RMD01-300x138.jpg 300w, https:\/\/jachabauer.de\/wp-content\/uploads\/2022\/06\/RMD01-768x352.jpg 768w\" sizes=\"auto, (max-width: 800px) 100vw, 800px\" \/><\/figure>\n","protected":false},"excerpt":{"rendered":"<p>Der Altm\u00fchltalradweg (auch Altm\u00fchltal-Radweg oder kurz Altm\u00fchlweg genannt) ist ein etwa 250 km langer Fernradweg in Bayern. Er erstreckt sich von Rothenburg ob der Tauber jenseits der kontinentalen Wasserscheide im [&hellip;]<\/p>\n","protected":false},"author":1,"featured_media":0,"parent":0,"menu_order":0,"comment_status":"closed","ping_status":"closed","template":"","meta":{"footnotes":""},"class_list":["post-167","page","type-page","status-publish","czr-hentry"],"_links":{"self":[{"href":"https:\/\/jachabauer.de\/index.php?rest_route=\/wp\/v2\/pages\/167","targetHints":{"allow":["GET"]}}],"collection":[{"href":"https:\/\/jachabauer.de\/index.php?rest_route=\/wp\/v2\/pages"}],"about":[{"href":"https:\/\/jachabauer.de\/index.php?rest_route=\/wp\/v2\/types\/page"}],"author":[{"embeddable":true,"href":"https:\/\/jachabauer.de\/index.php?rest_route=\/wp\/v2\/users\/1"}],"replies":[{"embeddable":true,"href":"https:\/\/jachabauer.de\/index.php?rest_route=%2Fwp%2Fv2%2Fcomments&post=167"}],"version-history":[{"count":1,"href":"https:\/\/jachabauer.de\/index.php?rest_route=\/wp\/v2\/pages\/167\/revisions"}],"predecessor-version":[{"id":170,"href":"https:\/\/jachabauer.de\/index.php?rest_route=\/wp\/v2\/pages\/167\/revisions\/170"}],"wp:attachment":[{"href":"https:\/\/jachabauer.de\/index.php?rest_route=%2Fwp%2Fv2%2Fmedia&parent=167"}],"curies":[{"name":"wp","href":"https:\/\/api.w.org\/{rel}","templated":true}]}}