{"id":171,"date":"2022-06-01T11:35:37","date_gmt":"2022-06-01T11:35:37","guid":{"rendered":"https:\/\/jachabauer.de\/?page_id=171"},"modified":"2022-06-02T06:05:52","modified_gmt":"2022-06-02T06:05:52","slug":"historisches","status":"publish","type":"page","link":"https:\/\/jachabauer.de\/?page_id=171","title":{"rendered":"Historisches"},"content":{"rendered":"\n<p>Im Wald, da sind die R\u00f6mer&#8230; aber auch die Kelten waren hier und haben einiges hinterlassen. Ob man lieber ein Museum besucht, oder doch vor Ort durch die Reste eines r\u00f6mischen Milit\u00e4rlagers geht, ob man lieber im Wald die 2000 Jahre alten Fundamente eines r\u00f6mischen Wachtturms sucht oder doch den Nachbau eines Turmes besteigt, wir haben vielf\u00e4ltige M\u00f6glichkeiten, geschichtliche Zeugnissen n\u00e4her zu kommen.<\/p>\n\n\n\n<div class=\"wp-block-columns is-layout-flex wp-container-core-columns-is-layout-9d6595d7 wp-block-columns-is-layout-flex\">\n<div class=\"wp-block-column is-layout-flow wp-block-column-is-layout-flow\">\n<p class=\"has-text-align-center\"><a href=\"https:\/\/jachabauer.de\/?page_id=180\" data-type=\"URL\" data-id=\"https:\/\/jachabauer.de\/?page_id=180\">Hadrians\u00e4ule\/R\u00f6merturm<\/a><br><a href=\"https:\/\/jachabauer.de\/?page_id=185\" data-type=\"URL\" data-id=\"https:\/\/jachabauer.de\/?page_id=185\">R\u00f6merkastell Abusina (Eining)<\/a><br><a href=\"https:\/\/jachabauer.de\/?page_id=188\" data-type=\"URL\" data-id=\"https:\/\/jachabauer.de\/?page_id=188\">Kloster Weltenburg<\/a><br><a href=\"https:\/\/jachabauer.de\/?page_id=191\" data-type=\"URL\" data-id=\"https:\/\/jachabauer.de\/?page_id=191\">Befreiungshalle<\/a><\/p>\n<\/div>\n\n\n\n<div class=\"wp-block-column is-layout-flow wp-block-column-is-layout-flow\">\n<p class=\"has-text-align-center\"><a href=\"https:\/\/jachabauer.de\/?page_id=194\" data-type=\"URL\" data-id=\"https:\/\/jachabauer.de\/?page_id=194\">Arch\u00e4ologisches Museum<\/a><br><a href=\"https:\/\/jachabauer.de\/?page_id=197\" data-type=\"URL\" data-id=\"https:\/\/jachabauer.de\/?page_id=197\">Burg Prunn\u00a0<\/a><br><a href=\"https:\/\/jachabauer.de\/?page_id=202\" data-type=\"URL\" data-id=\"https:\/\/jachabauer.de\/?page_id=202\">Auf den Spuren der Kelten<\/a><br><a href=\"https:\/\/jachabauer.de\/?page_id=207\" data-type=\"URL\" data-id=\"https:\/\/jachabauer.de\/?page_id=207\">Kl\u00f6sterl mit Felsenkirche<\/a><\/p>\n<\/div>\n<\/div>\n\n\n\n<figure class=\"wp-block-image size-full\"><img loading=\"lazy\" decoding=\"async\" width=\"800\" height=\"499\" src=\"https:\/\/jachabauer.de\/wp-content\/uploads\/2022\/06\/Burg_Prunn01.jpg\" alt=\"\" class=\"wp-image-198\" srcset=\"https:\/\/jachabauer.de\/wp-content\/uploads\/2022\/06\/Burg_Prunn01.jpg 800w, https:\/\/jachabauer.de\/wp-content\/uploads\/2022\/06\/Burg_Prunn01-300x187.jpg 300w, https:\/\/jachabauer.de\/wp-content\/uploads\/2022\/06\/Burg_Prunn01-768x479.jpg 768w\" sizes=\"auto, (max-width: 800px) 100vw, 800px\" \/><\/figure>\n","protected":false},"excerpt":{"rendered":"<p>Im Wald, da sind die R\u00f6mer&#8230; aber auch die Kelten waren hier und haben einiges hinterlassen. Ob man lieber ein Museum besucht, oder doch vor Ort durch die Reste eines [&hellip;]<\/p>\n","protected":false},"author":1,"featured_media":0,"parent":0,"menu_order":0,"comment_status":"closed","ping_status":"closed","template":"","meta":{"footnotes":""},"class_list":["post-171","page","type-page","status-publish","czr-hentry"],"_links":{"self":[{"href":"https:\/\/jachabauer.de\/index.php?rest_route=\/wp\/v2\/pages\/171","targetHints":{"allow":["GET"]}}],"collection":[{"href":"https:\/\/jachabauer.de\/index.php?rest_route=\/wp\/v2\/pages"}],"about":[{"href":"https:\/\/jachabauer.de\/index.php?rest_route=\/wp\/v2\/types\/page"}],"author":[{"embeddable":true,"href":"https:\/\/jachabauer.de\/index.php?rest_route=\/wp\/v2\/users\/1"}],"replies":[{"embeddable":true,"href":"https:\/\/jachabauer.de\/index.php?rest_route=%2Fwp%2Fv2%2Fcomments&post=171"}],"version-history":[{"count":4,"href":"https:\/\/jachabauer.de\/index.php?rest_route=\/wp\/v2\/pages\/171\/revisions"}],"predecessor-version":[{"id":324,"href":"https:\/\/jachabauer.de\/index.php?rest_route=\/wp\/v2\/pages\/171\/revisions\/324"}],"wp:attachment":[{"href":"https:\/\/jachabauer.de\/index.php?rest_route=%2Fwp%2Fv2%2Fmedia&parent=171"}],"curies":[{"name":"wp","href":"https:\/\/api.w.org\/{rel}","templated":true}]}}