{"id":180,"date":"2022-06-01T11:46:11","date_gmt":"2022-06-01T11:46:11","guid":{"rendered":"https:\/\/jachabauer.de\/?page_id=180"},"modified":"2022-06-01T11:46:12","modified_gmt":"2022-06-01T11:46:12","slug":"hadriansaeule-und-roemerturm-in-hienheim","status":"publish","type":"page","link":"https:\/\/jachabauer.de\/?page_id=180","title":{"rendered":"Hadrians\u00e4ule und R\u00f6merturm in Hienheim"},"content":{"rendered":"\n<p>In ca. 3,5 km Entfernung von uns and Strasse von Hienheim nach Essing steht die Hadrians\u00e4ule, ein 1856 errichtetes Denkmal am Beginn der r\u00f6mischen Grenzmauer.&nbsp;Unter den Kaisern Trajan (regierte von 98 bis 117 n. Chr.) und Hadrian (regierte von 117 bis 138 n. Chr.) erlebte der Limes seine Glanzzeit. Der obergermanisch-r\u00e4tische Limes ist ein Bodendenkmal und seit 2005 Weltkulturerbe der UNESCO. 1979 wurde durch Luftbildarch\u00e4ologie das zur Grenzanlage geh\u00f6rende Kleinkastell Hienheim entdeckt.<\/p>\n\n\n\n<p>Nur weniger hundert Meter davon entfernt kann ein Nachbau eines r\u00f6mischen Wachturms besichtigt werden.<\/p>\n\n\n\n<p>Auch die eiserne Hand, ein Wegweiser aus dem 17. Jahrhundert, ist nicht weit entfernt.\u00a0<\/p>\n\n\n\n<figure class=\"wp-block-image size-large\"><img loading=\"lazy\" decoding=\"async\" width=\"1024\" height=\"360\" src=\"https:\/\/jachabauer.de\/wp-content\/uploads\/2022\/06\/Limes01_Fotor-1024x360.jpg\" alt=\"\" class=\"wp-image-155\" srcset=\"https:\/\/jachabauer.de\/wp-content\/uploads\/2022\/06\/Limes01_Fotor-1024x360.jpg 1024w, https:\/\/jachabauer.de\/wp-content\/uploads\/2022\/06\/Limes01_Fotor-300x105.jpg 300w, https:\/\/jachabauer.de\/wp-content\/uploads\/2022\/06\/Limes01_Fotor-768x270.jpg 768w, https:\/\/jachabauer.de\/wp-content\/uploads\/2022\/06\/Limes01_Fotor-1536x540.jpg 1536w, https:\/\/jachabauer.de\/wp-content\/uploads\/2022\/06\/Limes01_Fotor-2048x720.jpg 2048w\" sizes=\"auto, (max-width: 1024px) 100vw, 1024px\" \/><\/figure>\n\n\n\n<p>\u00a0Info R\u00f6merturm:\u00a0<a href=\"https:\/\/www.donaukurier.de\/archiv\/roemerturm-steht-wieder-4422829\" data-type=\"URL\" data-id=\"https:\/\/www.donaukurier.de\/archiv\/roemerturm-steht-wieder-4422829\" target=\"_blank\" rel=\"noreferrer noopener\">Zeitungsbericht \u00fcber R\u00f6merturm<\/a><\/p>\n\n\n\n<figure class=\"wp-block-gallery has-nested-images columns-default is-cropped wp-block-gallery-1 is-layout-flex wp-block-gallery-is-layout-flex\">\n<figure class=\"wp-block-image size-large\"><img loading=\"lazy\" decoding=\"async\" width=\"800\" height=\"898\" data-id=\"182\" src=\"https:\/\/jachabauer.de\/wp-content\/uploads\/2022\/06\/Limes02.jpg\" alt=\"\" class=\"wp-image-182\" srcset=\"https:\/\/jachabauer.de\/wp-content\/uploads\/2022\/06\/Limes02.jpg 800w, https:\/\/jachabauer.de\/wp-content\/uploads\/2022\/06\/Limes02-267x300.jpg 267w, https:\/\/jachabauer.de\/wp-content\/uploads\/2022\/06\/Limes02-768x862.jpg 768w\" sizes=\"auto, (max-width: 800px) 100vw, 800px\" \/><\/figure>\n\n\n\n<figure class=\"wp-block-image size-large\"><img loading=\"lazy\" decoding=\"async\" width=\"800\" height=\"814\" data-id=\"181\" src=\"https:\/\/jachabauer.de\/wp-content\/uploads\/2022\/06\/Limes03.jpg\" alt=\"\" class=\"wp-image-181\" srcset=\"https:\/\/jachabauer.de\/wp-content\/uploads\/2022\/06\/Limes03.jpg 800w, https:\/\/jachabauer.de\/wp-content\/uploads\/2022\/06\/Limes03-295x300.jpg 295w, https:\/\/jachabauer.de\/wp-content\/uploads\/2022\/06\/Limes03-768x781.jpg 768w\" sizes=\"auto, (max-width: 800px) 100vw, 800px\" \/><\/figure>\n<\/figure>\n","protected":false},"excerpt":{"rendered":"<p>In ca. 3,5 km Entfernung von uns and Strasse von Hienheim nach Essing steht die Hadrians\u00e4ule, ein 1856 errichtetes Denkmal am Beginn der r\u00f6mischen Grenzmauer.&nbsp;Unter den Kaisern Trajan (regierte von [&hellip;]<\/p>\n","protected":false},"author":1,"featured_media":0,"parent":0,"menu_order":0,"comment_status":"closed","ping_status":"closed","template":"","meta":{"footnotes":""},"class_list":["post-180","page","type-page","status-publish","czr-hentry"],"_links":{"self":[{"href":"https:\/\/jachabauer.de\/index.php?rest_route=\/wp\/v2\/pages\/180","targetHints":{"allow":["GET"]}}],"collection":[{"href":"https:\/\/jachabauer.de\/index.php?rest_route=\/wp\/v2\/pages"}],"about":[{"href":"https:\/\/jachabauer.de\/index.php?rest_route=\/wp\/v2\/types\/page"}],"author":[{"embeddable":true,"href":"https:\/\/jachabauer.de\/index.php?rest_route=\/wp\/v2\/users\/1"}],"replies":[{"embeddable":true,"href":"https:\/\/jachabauer.de\/index.php?rest_route=%2Fwp%2Fv2%2Fcomments&post=180"}],"version-history":[{"count":1,"href":"https:\/\/jachabauer.de\/index.php?rest_route=\/wp\/v2\/pages\/180\/revisions"}],"predecessor-version":[{"id":184,"href":"https:\/\/jachabauer.de\/index.php?rest_route=\/wp\/v2\/pages\/180\/revisions\/184"}],"wp:attachment":[{"href":"https:\/\/jachabauer.de\/index.php?rest_route=%2Fwp%2Fv2%2Fmedia&parent=180"}],"curies":[{"name":"wp","href":"https:\/\/api.w.org\/{rel}","templated":true}]}}