{"id":185,"date":"2022-06-01T11:47:27","date_gmt":"2022-06-01T11:47:27","guid":{"rendered":"https:\/\/jachabauer.de\/?page_id=185"},"modified":"2022-06-01T11:47:28","modified_gmt":"2022-06-01T11:47:28","slug":"roemerkastell-abusina-in-eining","status":"publish","type":"page","link":"https:\/\/jachabauer.de\/?page_id=185","title":{"rendered":"R\u00f6merkastell Abusina in Eining"},"content":{"rendered":"\n<p>Entfernung ca. 5 km<\/p>\n\n\n\n<p>Auf der anderen Donauseite in Eining, wohin man mit einer Gierseilf\u00e4hre \u00fcbersetzen kann, befindet sich das R\u00f6merkastell Abusina. Ein Besuch dort ist interessant und lehrreich. Der Eintritt ist kostenlos.&nbsp;<\/p>\n\n\n\n<p>Bereits seit dem 16. Jahrhundert sind r\u00f6mische Funde aus dem Bereich von Eining bekannt. Umfangreiche Ausgrabungen fanden durch die Reichs-Limeskommission statt, vor allem P. Reinecke war in den Jahren 1911 bis 1920 sehr aktiv. Eine Bauinschrift verweist auf den Kaiser Titus (79-81 n. Chr.) als Bauherren eines vermutlich in Holz-Erde-Bauweise errichteten Kastells. Besatzung bildete die&nbsp;<em>Cohors IV Tungrorum<\/em>. Unter Antoninus Pius (138- 161 n. Chr.) wurde es in Stein ausgebaut, um in den Markomannenkriegen (166-180 n. Chr.) zerst\u00f6rt zu werden. An der Stelle des fr\u00fcheren Kastells wurde durch die 2. Italische Legion ein neues Steinkastell errichtet. Es hatte die Ma\u00dfe 147 x 122 m mit etwa 1,5 ha Fl\u00e4che. Die hier stationierte Truppe war die&nbsp;<em>Cohors III Britannorum.<\/em>&nbsp;Nach einer erneuten Umbauphase im Jahr 213 n. Chr. wurde die Kastellfl\u00e4che in der Mitte dieses Jahrhunderts reduziert. In dieser Form existierte das Kastell bis in das 5. Jahrhundert hinein.<\/p>\n\n\n\n<p>Info Abusina:\u00a0<a href=\"https:\/\/de.wikipedia.org\/wiki\/Kastell_Eining\" data-type=\"URL\" data-id=\"https:\/\/de.wikipedia.org\/wiki\/Kastell_Eining\" target=\"_blank\" rel=\"noreferrer noopener\">R\u00f6merkastell Eining in Wikipedia<\/a><\/p>\n","protected":false},"excerpt":{"rendered":"<p>Entfernung ca. 5 km Auf der anderen Donauseite in Eining, wohin man mit einer Gierseilf\u00e4hre \u00fcbersetzen kann, befindet sich das R\u00f6merkastell Abusina. Ein Besuch dort ist interessant und lehrreich. Der [&hellip;]<\/p>\n","protected":false},"author":1,"featured_media":0,"parent":0,"menu_order":0,"comment_status":"closed","ping_status":"closed","template":"","meta":{"footnotes":""},"class_list":["post-185","page","type-page","status-publish","czr-hentry"],"_links":{"self":[{"href":"https:\/\/jachabauer.de\/index.php?rest_route=\/wp\/v2\/pages\/185","targetHints":{"allow":["GET"]}}],"collection":[{"href":"https:\/\/jachabauer.de\/index.php?rest_route=\/wp\/v2\/pages"}],"about":[{"href":"https:\/\/jachabauer.de\/index.php?rest_route=\/wp\/v2\/types\/page"}],"author":[{"embeddable":true,"href":"https:\/\/jachabauer.de\/index.php?rest_route=\/wp\/v2\/users\/1"}],"replies":[{"embeddable":true,"href":"https:\/\/jachabauer.de\/index.php?rest_route=%2Fwp%2Fv2%2Fcomments&post=185"}],"version-history":[{"count":1,"href":"https:\/\/jachabauer.de\/index.php?rest_route=\/wp\/v2\/pages\/185\/revisions"}],"predecessor-version":[{"id":187,"href":"https:\/\/jachabauer.de\/index.php?rest_route=\/wp\/v2\/pages\/185\/revisions\/187"}],"wp:attachment":[{"href":"https:\/\/jachabauer.de\/index.php?rest_route=%2Fwp%2Fv2%2Fmedia&parent=185"}],"curies":[{"name":"wp","href":"https:\/\/api.w.org\/{rel}","templated":true}]}}