{"id":191,"date":"2022-06-01T11:49:51","date_gmt":"2022-06-01T11:49:51","guid":{"rendered":"https:\/\/jachabauer.de\/?page_id=191"},"modified":"2022-06-01T11:49:52","modified_gmt":"2022-06-01T11:49:52","slug":"befreiungshalle","status":"publish","type":"page","link":"https:\/\/jachabauer.de\/?page_id=191","title":{"rendered":"Befreiungshalle"},"content":{"rendered":"\n<p>In 15km Entfernung befindet sich die Befreiungshalle.&nbsp;Die Befreiungshalle ist ein Denkmal auf dem Michelsberg oberhalb der Stadt Kelheim in Niederbayern. Sie steht von Regensburg gesehen donauaufw\u00e4rts an der Einm\u00fcndung der Altm\u00fchl bzw. des Main-Donau-Kanals in die Donau. Errichtet wurde die Befreiungshalle im Andenken an die gewonnenen Schlachten gegen Napoleon w\u00e4hrend der Befreiungskriege in den Jahren von 1813 bis 1815. Auftraggeber des Baus war K\u00f6nig Ludwig I. von Bayern.<\/p>\n\n\n\n<p>Info Befreiungshalle:&nbsp;<a href=\"https:\/\/de.wikipedia.org\/wiki\/Befreiungshalle\" target=\"_blank\" rel=\"noreferrer noopener\">Befreiungshalle in Wikipedia<\/a><\/p>\n","protected":false},"excerpt":{"rendered":"<p>In 15km Entfernung befindet sich die Befreiungshalle.&nbsp;Die Befreiungshalle ist ein Denkmal auf dem Michelsberg oberhalb der Stadt Kelheim in Niederbayern. Sie steht von Regensburg gesehen donauaufw\u00e4rts an der Einm\u00fcndung der [&hellip;]<\/p>\n","protected":false},"author":1,"featured_media":0,"parent":0,"menu_order":0,"comment_status":"closed","ping_status":"closed","template":"","meta":{"footnotes":""},"class_list":["post-191","page","type-page","status-publish","czr-hentry"],"_links":{"self":[{"href":"https:\/\/jachabauer.de\/index.php?rest_route=\/wp\/v2\/pages\/191","targetHints":{"allow":["GET"]}}],"collection":[{"href":"https:\/\/jachabauer.de\/index.php?rest_route=\/wp\/v2\/pages"}],"about":[{"href":"https:\/\/jachabauer.de\/index.php?rest_route=\/wp\/v2\/types\/page"}],"author":[{"embeddable":true,"href":"https:\/\/jachabauer.de\/index.php?rest_route=\/wp\/v2\/users\/1"}],"replies":[{"embeddable":true,"href":"https:\/\/jachabauer.de\/index.php?rest_route=%2Fwp%2Fv2%2Fcomments&post=191"}],"version-history":[{"count":1,"href":"https:\/\/jachabauer.de\/index.php?rest_route=\/wp\/v2\/pages\/191\/revisions"}],"predecessor-version":[{"id":193,"href":"https:\/\/jachabauer.de\/index.php?rest_route=\/wp\/v2\/pages\/191\/revisions\/193"}],"wp:attachment":[{"href":"https:\/\/jachabauer.de\/index.php?rest_route=%2Fwp%2Fv2%2Fmedia&parent=191"}],"curies":[{"name":"wp","href":"https:\/\/api.w.org\/{rel}","templated":true}]}}