{"id":194,"date":"2022-06-01T11:50:50","date_gmt":"2022-06-01T11:50:50","guid":{"rendered":"https:\/\/jachabauer.de\/?page_id=194"},"modified":"2022-06-01T11:50:50","modified_gmt":"2022-06-01T11:50:50","slug":"archaeologisches-museum-in-kelheim","status":"publish","type":"page","link":"https:\/\/jachabauer.de\/?page_id=194","title":{"rendered":"Arch\u00e4ologisches Museum in Kelheim"},"content":{"rendered":"\n<p>Das Arch\u00e4ologische Museum der Stadt Kelheim, ungef\u00e4hr 17 km entfernt von uns, ist ein Museum zur Arch\u00e4ologie und Geschichte der niederbayerischen Stadt Kelheim.<\/p>\n\n\n\n<p>Das Museum wurde 1908 durch die Stadt Kelheim gegr\u00fcndet. Im Jahre 1981 bezog das Museum den Herzogskasten, einen st\u00e4dtischen Getreidespeicher aus dem 15. Jahrhundert. Der Schwerpunkt der vor- und fr\u00fchgeschichtlichen Sammlung im Erdgeschoss liegt auf der Entwicklungsgeschichte von Kelheim und Umgebung und umfasst die Zeitspanne vom Neandertaler des Altm\u00fchltales bis in die ersten Jahrhunderte nach Christus. Im Obergeschoss schlie\u00dft sich die 1990 eingeweihte stadtgeschichtliche Ausstellung an, die bis zur Gr\u00fcndung der herz\u00f6glichen Residenz der Wittelsbacher in Kelheim und der Stadtgr\u00fcndung reicht. Ein Teil des Obergeschosses steht f\u00fcr Sonderausstellungen zur Verf\u00fcgung. Durch zahlreiche Ausgrabungen im Zuge des Baues des Rhein-Main-Donau-Kanals sowie durch Schenkungen konnten der Historische Verein und das Museum einen umfangreichen und chronologisch l\u00fcckenlosen Bestand an historischen Artefakten zusammentragen.<\/p>\n\n\n\n<p>Info zum&nbsp;Arch\u00e4ologisches Museum:&nbsp;<a href=\"http:\/\/www.archaeologisches-museum-kelheim.de\/\" target=\"_blank\" rel=\"noreferrer noopener\">Arch\u00e4ologisches Museum Kelheim<\/a><\/p>\n\n\n\n<p><strong>Vielleicht noch einen zus\u00e4tzlichen Hinweis:<\/strong><\/p>\n\n\n\n<p>Es ist zwar etwas weiter von uns entfernt, aber das Kelten-R\u00f6mer-Museum in Manching w\u00e4re f\u00fcr Interessierte durchaus auch einen Besuch wert!<\/p>\n\n\n\n<p>Info:&nbsp;<\/p>\n\n\n\n<p><a href=\"http:\/\/www.museum-manching.de\/\" target=\"_blank\" rel=\"noreferrer noopener\">Kelten-R\u00f6mer-Museum Webseite<\/a><\/p>\n\n\n\n<p><a href=\"https:\/\/de.wikipedia.org\/wiki\/Kelten-R%C3%B6mer-Museum\" target=\"_blank\" rel=\"noreferrer noopener\">Kelten-R\u00f6mer-Museum in Wikipedia<\/a><\/p>\n","protected":false},"excerpt":{"rendered":"<p>Das Arch\u00e4ologische Museum der Stadt Kelheim, ungef\u00e4hr 17 km entfernt von uns, ist ein Museum zur Arch\u00e4ologie und Geschichte der niederbayerischen Stadt Kelheim. Das Museum wurde 1908 durch die Stadt [&hellip;]<\/p>\n","protected":false},"author":1,"featured_media":0,"parent":0,"menu_order":0,"comment_status":"closed","ping_status":"closed","template":"","meta":{"footnotes":""},"class_list":["post-194","page","type-page","status-publish","czr-hentry"],"_links":{"self":[{"href":"https:\/\/jachabauer.de\/index.php?rest_route=\/wp\/v2\/pages\/194","targetHints":{"allow":["GET"]}}],"collection":[{"href":"https:\/\/jachabauer.de\/index.php?rest_route=\/wp\/v2\/pages"}],"about":[{"href":"https:\/\/jachabauer.de\/index.php?rest_route=\/wp\/v2\/types\/page"}],"author":[{"embeddable":true,"href":"https:\/\/jachabauer.de\/index.php?rest_route=\/wp\/v2\/users\/1"}],"replies":[{"embeddable":true,"href":"https:\/\/jachabauer.de\/index.php?rest_route=%2Fwp%2Fv2%2Fcomments&post=194"}],"version-history":[{"count":1,"href":"https:\/\/jachabauer.de\/index.php?rest_route=\/wp\/v2\/pages\/194\/revisions"}],"predecessor-version":[{"id":196,"href":"https:\/\/jachabauer.de\/index.php?rest_route=\/wp\/v2\/pages\/194\/revisions\/196"}],"wp:attachment":[{"href":"https:\/\/jachabauer.de\/index.php?rest_route=%2Fwp%2Fv2%2Fmedia&parent=194"}],"curies":[{"name":"wp","href":"https:\/\/api.w.org\/{rel}","templated":true}]}}