{"id":202,"date":"2022-06-01T11:54:39","date_gmt":"2022-06-01T11:54:39","guid":{"rendered":"https:\/\/jachabauer.de\/?page_id=202"},"modified":"2022-06-01T11:54:40","modified_gmt":"2022-06-01T11:54:40","slug":"auf-den-spuren-der-kelten","status":"publish","type":"page","link":"https:\/\/jachabauer.de\/?page_id=202","title":{"rendered":"Auf den Spuren der Kelten"},"content":{"rendered":"\n<p>Die Kelten haben bei uns in der Gegend einige Wallanlagen hinterlassen. Allerdings findet man sie meist nur dann, wenn man wei\u00df, wo man suchen muss. Sie sind auch nicht sonderlich spektakul\u00e4r, k\u00f6nnen aber einen Eindruck davon geben, dass hier schon im Altertum &#8222;was los war&#8220;!<\/p>\n\n\n\n<figure class=\"wp-block-image size-full\"><img loading=\"lazy\" decoding=\"async\" width=\"800\" height=\"599\" src=\"https:\/\/jachabauer.de\/wp-content\/uploads\/2022\/06\/Kelten01_Fotor.jpg\" alt=\"\" class=\"wp-image-203\" srcset=\"https:\/\/jachabauer.de\/wp-content\/uploads\/2022\/06\/Kelten01_Fotor.jpg 800w, https:\/\/jachabauer.de\/wp-content\/uploads\/2022\/06\/Kelten01_Fotor-300x225.jpg 300w, https:\/\/jachabauer.de\/wp-content\/uploads\/2022\/06\/Kelten01_Fotor-768x575.jpg 768w\" sizes=\"auto, (max-width: 800px) 100vw, 800px\" \/><\/figure>\n\n\n\n<p>Nachfolgend die Wallanlagen, die sich hier in der N\u00e4he befinden als Link und Entfernung von uns:<\/p>\n\n\n\n<ul class=\"wp-block-list\"><li><a rel=\"noreferrer noopener\" href=\"http:\/\/www.kraftvolle-orte.de\/uebersicht-der-kraftvollen-orte\/keltenwaelle-ringwaelle-waelle\/buerg-irnsing\/\" target=\"_blank\">B\u00fcrg Irnsing<\/a>\u00a0(6,5 km, bei Irnsing)<\/li><li><a rel=\"noreferrer noopener\" href=\"http:\/\/www.kraftvolle-orte.de\/uebersicht-der-kraftvollen-orte\/keltenwaelle-ringwaelle-waelle\/innerer-keltenwall-auf-dem-michelsberg\/\" target=\"_blank\">Innerer Keltenwall auf dem Michelsberg<\/a>, Teil des keltischen Oppidium Alkimonnis\u00a0(15 km, bei Kelheim)<\/li><li><a rel=\"noreferrer noopener\" href=\"http:\/\/www.kraftvolle-orte.de\/uebersicht-der-kraftvollen-orte\/keltenwaelle-ringwaelle-waelle\/keltenwall-arzberg\/\" target=\"_blank\">Keltenwall Arzberg<\/a>\u00a0(17 km, bei Kelheim)<\/li><li><a rel=\"noreferrer noopener\" href=\"http:\/\/www.kraftvolle-orte.de\/uebersicht-der-kraftvollen-orte\/keltenwaelle-ringwaelle-waelle\/wolfgangswall\/\" target=\"_blank\">Wolfgangswall<\/a>\u00a0(18km, oberhalb Kloster Weltenburg, nicht weit entfernt vom Keltenwall Arzberg)<\/li><li><a rel=\"noreferrer noopener\" href=\"http:\/\/www.kraftvolle-orte.de\/uebersicht-der-kraftvollen-orte\/keltenwaelle-ringwaelle-waelle\/spaetkeltischer-ringwall-bei-saal\/\" target=\"_blank\">Sp\u00e4tkeltischer Ringwall bei Saal<\/a>\u00a0(26 km, zwischen Saal\/Do und Teugn)<\/li><\/ul>\n\n\n\n<figure class=\"wp-block-image size-large\"><img loading=\"lazy\" decoding=\"async\" width=\"768\" height=\"1024\" src=\"https:\/\/jachabauer.de\/wp-content\/uploads\/2022\/06\/Kelten02-768x1024.jpg\" alt=\"\" class=\"wp-image-204\" srcset=\"https:\/\/jachabauer.de\/wp-content\/uploads\/2022\/06\/Kelten02-768x1024.jpg 768w, https:\/\/jachabauer.de\/wp-content\/uploads\/2022\/06\/Kelten02-225x300.jpg 225w, https:\/\/jachabauer.de\/wp-content\/uploads\/2022\/06\/Kelten02-1152x1536.jpg 1152w, https:\/\/jachabauer.de\/wp-content\/uploads\/2022\/06\/Kelten02-1536x2048.jpg 1536w, https:\/\/jachabauer.de\/wp-content\/uploads\/2022\/06\/Kelten02-scaled.jpg 1920w\" sizes=\"auto, (max-width: 768px) 100vw, 768px\" \/><\/figure>\n","protected":false},"excerpt":{"rendered":"<p>Die Kelten haben bei uns in der Gegend einige Wallanlagen hinterlassen. Allerdings findet man sie meist nur dann, wenn man wei\u00df, wo man suchen muss. Sie sind auch nicht sonderlich [&hellip;]<\/p>\n","protected":false},"author":1,"featured_media":0,"parent":0,"menu_order":0,"comment_status":"closed","ping_status":"closed","template":"","meta":{"footnotes":""},"class_list":["post-202","page","type-page","status-publish","czr-hentry"],"_links":{"self":[{"href":"https:\/\/jachabauer.de\/index.php?rest_route=\/wp\/v2\/pages\/202","targetHints":{"allow":["GET"]}}],"collection":[{"href":"https:\/\/jachabauer.de\/index.php?rest_route=\/wp\/v2\/pages"}],"about":[{"href":"https:\/\/jachabauer.de\/index.php?rest_route=\/wp\/v2\/types\/page"}],"author":[{"embeddable":true,"href":"https:\/\/jachabauer.de\/index.php?rest_route=\/wp\/v2\/users\/1"}],"replies":[{"embeddable":true,"href":"https:\/\/jachabauer.de\/index.php?rest_route=%2Fwp%2Fv2%2Fcomments&post=202"}],"version-history":[{"count":1,"href":"https:\/\/jachabauer.de\/index.php?rest_route=\/wp\/v2\/pages\/202\/revisions"}],"predecessor-version":[{"id":206,"href":"https:\/\/jachabauer.de\/index.php?rest_route=\/wp\/v2\/pages\/202\/revisions\/206"}],"wp:attachment":[{"href":"https:\/\/jachabauer.de\/index.php?rest_route=%2Fwp%2Fv2%2Fmedia&parent=202"}],"curies":[{"name":"wp","href":"https:\/\/api.w.org\/{rel}","templated":true}]}}