{"id":215,"date":"2022-06-01T12:02:49","date_gmt":"2022-06-01T12:02:49","guid":{"rendered":"https:\/\/jachabauer.de\/?page_id=215"},"modified":"2022-06-02T06:08:48","modified_gmt":"2022-06-02T06:08:48","slug":"naturschoenheiten","status":"publish","type":"page","link":"https:\/\/jachabauer.de\/?page_id=215","title":{"rendered":"Natursch\u00f6nheiten"},"content":{"rendered":"\n<p>Man kann nat\u00fcrlich viele interessante Dinge sehen, aber man sollte doch auch der Natur die Gelegenheit geben, sie zu pr\u00e4sentieren. Ob es nun der imposante Donaudurchbruch ist, den man sich erwandern oder auch per Schiff n\u00e4her bringen m\u00f6chte, oder ob es eine Besichtigung der Tropfsteinh\u00f6hle Schulerloch ist, vor deren Besichtigung ein paar H\u00f6henmeter zu gehen sind. Interessant ist es allemal.\u00a0<\/p>\n\n\n\n<div class=\"wp-block-columns is-layout-flex wp-container-core-columns-is-layout-9d6595d7 wp-block-columns-is-layout-flex\">\n<div class=\"wp-block-column is-layout-flow wp-block-column-is-layout-flow\">\n<p class=\"has-text-align-center\"><a href=\"https:\/\/jachabauer.de\/?page_id=218\" data-type=\"URL\" data-id=\"https:\/\/jachabauer.de\/?page_id=218\">Donaudruchbruch Weltenburg<\/a><br><a href=\"https:\/\/jachabauer.de\/?page_id=225\" data-type=\"URL\" data-id=\"https:\/\/jachabauer.de\/?page_id=225\">Tropfsteinh\u00f6hle Schulerloch<\/a><\/p>\n<\/div>\n\n\n\n<div class=\"wp-block-column is-layout-flow wp-block-column-is-layout-flow\">\n<p class=\"has-text-align-center\"><a href=\"https:\/\/jachabauer.de\/?page_id=228\" data-type=\"URL\" data-id=\"https:\/\/jachabauer.de\/?page_id=228\">Klausenh\u00f6hle<\/a><br><a href=\"https:\/\/jachabauer.de\/?page_id=231\" data-type=\"URL\" data-id=\"https:\/\/jachabauer.de\/?page_id=231\">Blautopfquelle Essing<\/a><\/p>\n<\/div>\n<\/div>\n\n\n\n<figure class=\"wp-block-image size-full\"><img loading=\"lazy\" decoding=\"async\" width=\"800\" height=\"349\" src=\"https:\/\/jachabauer.de\/wp-content\/uploads\/2022\/06\/DonauDB02-2.jpg\" alt=\"\" class=\"wp-image-221\" srcset=\"https:\/\/jachabauer.de\/wp-content\/uploads\/2022\/06\/DonauDB02-2.jpg 800w, https:\/\/jachabauer.de\/wp-content\/uploads\/2022\/06\/DonauDB02-2-300x131.jpg 300w, https:\/\/jachabauer.de\/wp-content\/uploads\/2022\/06\/DonauDB02-2-768x335.jpg 768w\" sizes=\"auto, (max-width: 800px) 100vw, 800px\" \/><\/figure>\n","protected":false},"excerpt":{"rendered":"<p>Man kann nat\u00fcrlich viele interessante Dinge sehen, aber man sollte doch auch der Natur die Gelegenheit geben, sie zu pr\u00e4sentieren. Ob es nun der imposante Donaudurchbruch ist, den man sich [&hellip;]<\/p>\n","protected":false},"author":1,"featured_media":0,"parent":0,"menu_order":0,"comment_status":"closed","ping_status":"closed","template":"","meta":{"footnotes":""},"class_list":["post-215","page","type-page","status-publish","czr-hentry"],"_links":{"self":[{"href":"https:\/\/jachabauer.de\/index.php?rest_route=\/wp\/v2\/pages\/215","targetHints":{"allow":["GET"]}}],"collection":[{"href":"https:\/\/jachabauer.de\/index.php?rest_route=\/wp\/v2\/pages"}],"about":[{"href":"https:\/\/jachabauer.de\/index.php?rest_route=\/wp\/v2\/types\/page"}],"author":[{"embeddable":true,"href":"https:\/\/jachabauer.de\/index.php?rest_route=\/wp\/v2\/users\/1"}],"replies":[{"embeddable":true,"href":"https:\/\/jachabauer.de\/index.php?rest_route=%2Fwp%2Fv2%2Fcomments&post=215"}],"version-history":[{"count":5,"href":"https:\/\/jachabauer.de\/index.php?rest_route=\/wp\/v2\/pages\/215\/revisions"}],"predecessor-version":[{"id":326,"href":"https:\/\/jachabauer.de\/index.php?rest_route=\/wp\/v2\/pages\/215\/revisions\/326"}],"wp:attachment":[{"href":"https:\/\/jachabauer.de\/index.php?rest_route=%2Fwp%2Fv2%2Fmedia&parent=215"}],"curies":[{"name":"wp","href":"https:\/\/api.w.org\/{rel}","templated":true}]}}