{"id":228,"date":"2022-06-01T12:06:57","date_gmt":"2022-06-01T12:06:57","guid":{"rendered":"https:\/\/jachabauer.de\/?page_id=228"},"modified":"2022-06-01T12:06:58","modified_gmt":"2022-06-01T12:06:58","slug":"klausenhoehle-bei-essing","status":"publish","type":"page","link":"https:\/\/jachabauer.de\/?page_id=228","title":{"rendered":"Klausenh\u00f6hle bei Essing"},"content":{"rendered":"\n<p>Die Klausenh\u00f6hle in Essing, 12 km von uns entfernt ist eine \u00f6ffentlich zug\u00e4ngliche H\u00f6hle im Altm\u00fchltal. Die ca. 330 Meter lange H\u00f6hle im Jurakalk befindet sich zwischen 25 und 55 Meter \u00fcber der Talsohle. Die H\u00f6hle besteht aus mehreren dicht beieinander liegenden Felsnischen in vier unterschiedlichen H\u00f6henlagen.<\/p>\n\n\n\n<p>Als arch\u00e4ologische Fundpl\u00e4tze werden sie (von unten nach oben) in die Untere Klause, die Klausennische sowie die Mittlere und die Obere Klause unterschieden. Von der Mittleren zur Oberen Klause gibt es einen Verbindungsgang, den sogenannten Kamin.<\/p>\n\n\n\n<p>Infos:<\/p>\n\n\n\n<ul class=\"wp-block-list\"><li><a href=\"https:\/\/de.wikipedia.org\/wiki\/Klausenh%C3%B6hle\" target=\"_blank\" rel=\"noreferrer noopener\">Klausenh\u00f6hle in Wikipedia<\/a><\/li><li><a href=\"http:\/\/www.kraftvolle-orte.de\/uebersicht-der-kraftvollen-orte\/hoehlen\/klausenhoehle-bei-essing\/\" target=\"_blank\" rel=\"noreferrer noopener\">Klausenh\u00f6hle mit Bildern<\/a><\/li><\/ul>\n","protected":false},"excerpt":{"rendered":"<p>Die Klausenh\u00f6hle in Essing, 12 km von uns entfernt ist eine \u00f6ffentlich zug\u00e4ngliche H\u00f6hle im Altm\u00fchltal. Die ca. 330 Meter lange H\u00f6hle im Jurakalk befindet sich zwischen 25 und 55 [&hellip;]<\/p>\n","protected":false},"author":1,"featured_media":0,"parent":0,"menu_order":0,"comment_status":"closed","ping_status":"closed","template":"","meta":{"footnotes":""},"class_list":["post-228","page","type-page","status-publish","czr-hentry"],"_links":{"self":[{"href":"https:\/\/jachabauer.de\/index.php?rest_route=\/wp\/v2\/pages\/228","targetHints":{"allow":["GET"]}}],"collection":[{"href":"https:\/\/jachabauer.de\/index.php?rest_route=\/wp\/v2\/pages"}],"about":[{"href":"https:\/\/jachabauer.de\/index.php?rest_route=\/wp\/v2\/types\/page"}],"author":[{"embeddable":true,"href":"https:\/\/jachabauer.de\/index.php?rest_route=\/wp\/v2\/users\/1"}],"replies":[{"embeddable":true,"href":"https:\/\/jachabauer.de\/index.php?rest_route=%2Fwp%2Fv2%2Fcomments&post=228"}],"version-history":[{"count":1,"href":"https:\/\/jachabauer.de\/index.php?rest_route=\/wp\/v2\/pages\/228\/revisions"}],"predecessor-version":[{"id":230,"href":"https:\/\/jachabauer.de\/index.php?rest_route=\/wp\/v2\/pages\/228\/revisions\/230"}],"wp:attachment":[{"href":"https:\/\/jachabauer.de\/index.php?rest_route=%2Fwp%2Fv2%2Fmedia&parent=228"}],"curies":[{"name":"wp","href":"https:\/\/api.w.org\/{rel}","templated":true}]}}