{"id":231,"date":"2022-06-01T12:07:30","date_gmt":"2022-06-01T12:07:30","guid":{"rendered":"https:\/\/jachabauer.de\/?page_id=231"},"modified":"2022-06-01T12:07:31","modified_gmt":"2022-06-01T12:07:31","slug":"blautopfquelle-in-essing","status":"publish","type":"page","link":"https:\/\/jachabauer.de\/?page_id=231","title":{"rendered":"Blautopfquelle in Essing"},"content":{"rendered":"\n<p>Rund 12 km von uns kann man die Blautopfquelle besichtigen. In die Dolinen von Maierhofen f\u00e4llt Wasser ein, durchfliest das Gestein und kommt an den Felsen des Altm\u00fchltalgrundes wieder zum Vorschein. Der so entstandene Blautopf hat seinen Namen wegen seiner schimmernden smaragdgr\u00fcnen bis blauen Farbe.<\/p>\n\n\n\n<p><a href=\"http:\/\/www.kraftvolle-orte.de\/uebersicht-der-kraftvollen-orte\/quellen-baeche\/blautopfquelle-essing\/\" target=\"_blank\" rel=\"noreferrer noopener\">Blautopfquelle Essing<\/a><\/p>\n","protected":false},"excerpt":{"rendered":"<p>Rund 12 km von uns kann man die Blautopfquelle besichtigen. In die Dolinen von Maierhofen f\u00e4llt Wasser ein, durchfliest das Gestein und kommt an den Felsen des Altm\u00fchltalgrundes wieder zum [&hellip;]<\/p>\n","protected":false},"author":1,"featured_media":0,"parent":0,"menu_order":0,"comment_status":"closed","ping_status":"closed","template":"","meta":{"footnotes":""},"class_list":["post-231","page","type-page","status-publish","czr-hentry"],"_links":{"self":[{"href":"https:\/\/jachabauer.de\/index.php?rest_route=\/wp\/v2\/pages\/231","targetHints":{"allow":["GET"]}}],"collection":[{"href":"https:\/\/jachabauer.de\/index.php?rest_route=\/wp\/v2\/pages"}],"about":[{"href":"https:\/\/jachabauer.de\/index.php?rest_route=\/wp\/v2\/types\/page"}],"author":[{"embeddable":true,"href":"https:\/\/jachabauer.de\/index.php?rest_route=\/wp\/v2\/users\/1"}],"replies":[{"embeddable":true,"href":"https:\/\/jachabauer.de\/index.php?rest_route=%2Fwp%2Fv2%2Fcomments&post=231"}],"version-history":[{"count":1,"href":"https:\/\/jachabauer.de\/index.php?rest_route=\/wp\/v2\/pages\/231\/revisions"}],"predecessor-version":[{"id":233,"href":"https:\/\/jachabauer.de\/index.php?rest_route=\/wp\/v2\/pages\/231\/revisions\/233"}],"wp:attachment":[{"href":"https:\/\/jachabauer.de\/index.php?rest_route=%2Fwp%2Fv2%2Fmedia&parent=231"}],"curies":[{"name":"wp","href":"https:\/\/api.w.org\/{rel}","templated":true}]}}