{"id":236,"date":"2022-06-01T12:10:54","date_gmt":"2022-06-01T12:10:54","guid":{"rendered":"https:\/\/jachabauer.de\/?page_id=236"},"modified":"2022-06-02T06:09:56","modified_gmt":"2022-06-02T06:09:56","slug":"sonstige-sehenswuerdigkeiten","status":"publish","type":"page","link":"https:\/\/jachabauer.de\/?page_id=236","title":{"rendered":"Sonstige Sehensw\u00fcrdigkeiten"},"content":{"rendered":"\n<p>Neben den schon vorher genannten Freizeitm\u00f6glichkeiten, sowie Museen und Natursch\u00f6nheiten gibt es nat\u00fcrlich noch andere Dinge, die sich nicht so ohne weiteres kategorisieren lassen. Ein Beispiel daf\u00fcr sind St\u00e4dte. Nat\u00fcrlich, in weitere Entfernung ist Regensburg, aber auch Kelheim, wie auch Riedenburg sind nette St\u00e4dte, in denen es das eine oder andere zu entdecken gibt. Freunde sch\u00f6ner Bierg\u00e4rten kommen genauso auf ihre kosten, wie diejenigen, die sich eher f\u00fcr Geschichtliches interessieren.<\/p>\n\n\n\n<div class=\"wp-block-columns is-layout-flex wp-container-core-columns-is-layout-9d6595d7 wp-block-columns-is-layout-flex\">\n<div class=\"wp-block-column is-layout-flow wp-block-column-is-layout-flow\">\n<p class=\"has-text-align-center\"><a href=\"https:\/\/jachabauer.de\/?page_id=240\" data-type=\"URL\" data-id=\"https:\/\/jachabauer.de\/?page_id=240\">Kelheim<\/a><br><a href=\"https:\/\/jachabauer.de\/?page_id=244\" data-type=\"URL\" data-id=\"https:\/\/jachabauer.de\/?page_id=244\">Riedenburg<\/a><\/p>\n<\/div>\n\n\n\n<div class=\"wp-block-column is-layout-flow wp-block-column-is-layout-flow\">\n<p class=\"has-text-align-center\"><a href=\"https:\/\/jachabauer.de\/?page_id=247\" data-type=\"URL\" data-id=\"https:\/\/jachabauer.de\/?page_id=247\">Hundertwasserturm Abensberg<\/a><br><a href=\"https:\/\/jachabauer.de\/?page_id=251\" data-type=\"URL\" data-id=\"https:\/\/jachabauer.de\/?page_id=251\">Sommerrodelbahn in Riedenburg<\/a><\/p>\n<\/div>\n<\/div>\n\n\n\n<figure class=\"wp-block-image size-large is-resized\"><img loading=\"lazy\" decoding=\"async\" src=\"https:\/\/jachabauer.de\/wp-content\/uploads\/2022\/06\/Hundertwasser01-768x1024.jpg\" alt=\"\" class=\"wp-image-248\" width=\"384\" height=\"512\" srcset=\"https:\/\/jachabauer.de\/wp-content\/uploads\/2022\/06\/Hundertwasser01-768x1023.jpg 768w, https:\/\/jachabauer.de\/wp-content\/uploads\/2022\/06\/Hundertwasser01-225x300.jpg 225w, https:\/\/jachabauer.de\/wp-content\/uploads\/2022\/06\/Hundertwasser01.jpg 800w\" sizes=\"auto, (max-width: 384px) 100vw, 384px\" \/><\/figure>\n","protected":false},"excerpt":{"rendered":"<p>Neben den schon vorher genannten Freizeitm\u00f6glichkeiten, sowie Museen und Natursch\u00f6nheiten gibt es nat\u00fcrlich noch andere Dinge, die sich nicht so ohne weiteres kategorisieren lassen. Ein Beispiel daf\u00fcr sind St\u00e4dte. Nat\u00fcrlich, [&hellip;]<\/p>\n","protected":false},"author":1,"featured_media":0,"parent":0,"menu_order":0,"comment_status":"closed","ping_status":"closed","template":"","meta":{"footnotes":""},"class_list":["post-236","page","type-page","status-publish","czr-hentry"],"_links":{"self":[{"href":"https:\/\/jachabauer.de\/index.php?rest_route=\/wp\/v2\/pages\/236","targetHints":{"allow":["GET"]}}],"collection":[{"href":"https:\/\/jachabauer.de\/index.php?rest_route=\/wp\/v2\/pages"}],"about":[{"href":"https:\/\/jachabauer.de\/index.php?rest_route=\/wp\/v2\/types\/page"}],"author":[{"embeddable":true,"href":"https:\/\/jachabauer.de\/index.php?rest_route=\/wp\/v2\/users\/1"}],"replies":[{"embeddable":true,"href":"https:\/\/jachabauer.de\/index.php?rest_route=%2Fwp%2Fv2%2Fcomments&post=236"}],"version-history":[{"count":4,"href":"https:\/\/jachabauer.de\/index.php?rest_route=\/wp\/v2\/pages\/236\/revisions"}],"predecessor-version":[{"id":327,"href":"https:\/\/jachabauer.de\/index.php?rest_route=\/wp\/v2\/pages\/236\/revisions\/327"}],"wp:attachment":[{"href":"https:\/\/jachabauer.de\/index.php?rest_route=%2Fwp%2Fv2%2Fmedia&parent=236"}],"curies":[{"name":"wp","href":"https:\/\/api.w.org\/{rel}","templated":true}]}}