{"id":247,"date":"2022-06-01T12:18:27","date_gmt":"2022-06-01T12:18:27","guid":{"rendered":"https:\/\/jachabauer.de\/?page_id=247"},"modified":"2022-06-01T12:18:28","modified_gmt":"2022-06-01T12:18:28","slug":"hundertwasserturm-abensberg","status":"publish","type":"page","link":"https:\/\/jachabauer.de\/?page_id=247","title":{"rendered":"Hundertwasserturm Abensberg"},"content":{"rendered":"\n<p>Der 34,19 Meter hohe Turm wurde urspr\u00fcnglich erdacht und geplant von Friedensreich Hundertwasser, der im Jahr 2000 noch w\u00e4hrend der Planungsphase starb. Errichtet wurde der Bau nach dem Tod Hundertwassers von dem Architekten Peter Pelikan, allerdings mit erheblichen \u00c4nderungen gegen\u00fcber Hundertwassers urspr\u00fcnglichem Entwurf.<\/p>\n\n\n\n<p>Den Turm kann man im Rahmen einer Brauereibesichtigung ebenfalls besichtigen. Ebenfalls zu besichtigen ist das Kunsthaus Abensberg.&nbsp;<\/p>\n\n\n\n<ul class=\"wp-block-list\"><li><a rel=\"noreferrer noopener\" href=\"http:\/\/www.kuchlbauer.de\/bier-kunst\/virtueller-rundgang-durch-den-kuchlbauer-turm\/\" target=\"_blank\">Hundertwasserturm Abensberg<\/a>\u00a0(virtueller Rundgang)<\/li><li><a rel=\"noreferrer noopener\" href=\"http:\/\/www.kuchlbauer.de\/bier-kunst\/kuchlbauer-turm\/\" target=\"_blank\">Hundertwasserturm Abensberg<\/a><\/li><li><a rel=\"noreferrer noopener\" href=\"http:\/\/www.kuchlbauer.de\/bier-kunst\/kunsthausabensberg\/\" target=\"_blank\">Kunsthaus Abensberg<\/a><\/li><li><a rel=\"noreferrer noopener\" href=\"http:\/\/www.abensberg.de\/\" target=\"_blank\">Webseite von Abensberg<\/a><\/li><\/ul>\n\n\n\n<figure class=\"wp-block-image size-large\"><img loading=\"lazy\" decoding=\"async\" width=\"768\" height=\"1024\" src=\"https:\/\/jachabauer.de\/wp-content\/uploads\/2022\/06\/Hundertwasser01-768x1024.jpg\" alt=\"\" class=\"wp-image-248\" srcset=\"https:\/\/jachabauer.de\/wp-content\/uploads\/2022\/06\/Hundertwasser01-768x1023.jpg 768w, https:\/\/jachabauer.de\/wp-content\/uploads\/2022\/06\/Hundertwasser01-225x300.jpg 225w, https:\/\/jachabauer.de\/wp-content\/uploads\/2022\/06\/Hundertwasser01.jpg 800w\" sizes=\"auto, (max-width: 768px) 100vw, 768px\" \/><\/figure>\n","protected":false},"excerpt":{"rendered":"<p>Der 34,19 Meter hohe Turm wurde urspr\u00fcnglich erdacht und geplant von Friedensreich Hundertwasser, der im Jahr 2000 noch w\u00e4hrend der Planungsphase starb. Errichtet wurde der Bau nach dem Tod Hundertwassers [&hellip;]<\/p>\n","protected":false},"author":1,"featured_media":0,"parent":0,"menu_order":0,"comment_status":"closed","ping_status":"closed","template":"","meta":{"footnotes":""},"class_list":["post-247","page","type-page","status-publish","czr-hentry"],"_links":{"self":[{"href":"https:\/\/jachabauer.de\/index.php?rest_route=\/wp\/v2\/pages\/247","targetHints":{"allow":["GET"]}}],"collection":[{"href":"https:\/\/jachabauer.de\/index.php?rest_route=\/wp\/v2\/pages"}],"about":[{"href":"https:\/\/jachabauer.de\/index.php?rest_route=\/wp\/v2\/types\/page"}],"author":[{"embeddable":true,"href":"https:\/\/jachabauer.de\/index.php?rest_route=\/wp\/v2\/users\/1"}],"replies":[{"embeddable":true,"href":"https:\/\/jachabauer.de\/index.php?rest_route=%2Fwp%2Fv2%2Fcomments&post=247"}],"version-history":[{"count":1,"href":"https:\/\/jachabauer.de\/index.php?rest_route=\/wp\/v2\/pages\/247\/revisions"}],"predecessor-version":[{"id":250,"href":"https:\/\/jachabauer.de\/index.php?rest_route=\/wp\/v2\/pages\/247\/revisions\/250"}],"wp:attachment":[{"href":"https:\/\/jachabauer.de\/index.php?rest_route=%2Fwp%2Fv2%2Fmedia&parent=247"}],"curies":[{"name":"wp","href":"https:\/\/api.w.org\/{rel}","templated":true}]}}