{"id":275,"date":"2022-06-01T12:46:19","date_gmt":"2022-06-01T12:46:19","guid":{"rendered":"https:\/\/jachabauer.de\/?page_id=275"},"modified":"2022-06-01T12:46:20","modified_gmt":"2022-06-01T12:46:20","slug":"agb","status":"publish","type":"page","link":"https:\/\/jachabauer.de\/?page_id=275","title":{"rendered":"AGB"},"content":{"rendered":"\n<h2 class=\"wp-block-heading\">Allgemeine Gesch\u00e4ftsbedingungen der Jachabauer GbR<\/h2>\n\n\n\n<p>1. GELTUNGSBEREICH<\/p>\n\n\n\n<ol class=\"wp-block-list\"><li>Diese Gesch\u00e4ftsbedingungen gelten f\u00fcr Vertr\u00e4ge \u00fcber die mietweise \u00dcberlassung von Hotelzimmern zur Beherbergung und weiteren Leistungen der Jachabauer GbR (Hotelaufnahmevertrag).<\/li><\/ol>\n\n\n\n<ol class=\"wp-block-list\" start=\"0\"><li>Die Unter- oder Weitervermietung der \u00fcberlassenen Zimmer sowie deren Nutzung zu anderen als Beherbergungszwecken bed\u00fcrfen der vorherigen Zustimmung der Jachabauer GbR in Textform.<\/li><\/ol>\n\n\n\n<ol class=\"wp-block-list\" start=\"0\"><li>Allgemeine Gesch\u00e4ftsbedingungen des Kunden finden nur Anwendung, wenn dies vorher ausdr\u00fccklich in Textform vereinbart wurde.<\/li><\/ol>\n\n\n\n<p>2. VERTRAGSABSCHLUSS, -PARTNER, VERJ\u00c4HRUNG<\/p>\n\n\n\n<ol class=\"wp-block-list\"><li>Der Jachabauer GbR steht es frei, die Zimmerbuchung in Textform zu best\u00e4tigen.<\/li><\/ol>\n\n\n\n<ol class=\"wp-block-list\" start=\"0\"><li>Vertragspartner sind die Jachabauer GbR und der Kunde. Hat ein Dritter f\u00fcr den Kunden bestellt, haftet er der Jachabauer GbR gegen\u00fcber zusammen mit dem Kunden als Gesamtschuldner.<\/li><\/ol>\n\n\n\n<ol class=\"wp-block-list\" start=\"0\"><li>Alle Anspr\u00fcche gegen die Jachabauer GbR verj\u00e4hren grunds\u00e4tzlich in einem Jahr ab dem gesetzlichen Verj\u00e4hrungsbeginn. Schadensersatzanspr\u00fcche verj\u00e4hren in f\u00fcnf Jahren. Die Verj\u00e4hrungsverk\u00fcrzungen gelten nicht bei Anspr\u00fcchen, die auf einer vors\u00e4tzlichen oder grob fahrl\u00e4ssigen Pflichtverletzung der Jachabauer GbR beruhen.<\/li><\/ol>\n\n\n\n<p>3. LEISTUNGEN, PREISE, ZAHLUNG, AUFRECHNUNG<\/p>\n\n\n\n<ol class=\"wp-block-list\"><li>Die Jachabauer GbR ist verpflichtet, die vom Kunden gebuchten Zimmer bereitzuhalten und die vereinbarten Leistungen zu erbringen.<\/li><\/ol>\n\n\n\n<ol class=\"wp-block-list\" start=\"0\"><li>Der Kunde ist verpflichtet, die f\u00fcr die Zimmer\u00fcberlassung und die von ihm in Anspruch genommenen weiteren Leistungen zu geltenden Preise der Jachabauer GbR zu zahlen. Dies gilt auch f\u00fcr vom Kunden veranlasste Leistungen und Auslagen der Jachabauer GbR an Dritte. Die vereinbarten Preise schlie\u00dfen die jeweilige gesetzliche Umsatzsteuer ein.<\/li><\/ol>\n\n\n\n<ol class=\"wp-block-list\" start=\"0\"><li>Die Jachabauer GbR kann seine Zustimmung zu einer vom Kunden gew\u00fcnschten nachtr\u00e4glichen Verringerung der Anzahl der gebuchten Zimmer, der Leistung der Jachabauer GbR oder der Aufenthaltsdauer des Kunden davon abh\u00e4ngig machen, dass sich der Preis f\u00fcr die Zimmer und\/oder f\u00fcr die sonstigen Leistungen der Jachabauer GbR erh\u00f6ht.<\/li><\/ol>\n\n\n\n<ol class=\"wp-block-list\" start=\"0\"><li>Rechnungen der Jachabauer GbR sind innerhalb 14 Tagen ab Zusendung der Rechnung ohne Abzug zahlbar. Bei Zahlungsverzug wird eine Mahngeb\u00fchr von 5,00 Euro zu erhoben. Zus\u00e4tzlich werden Verzugszinsen von 9% \u00fcber dem Basissatz der deutschen Bundesbank (business 2 business), bzw. 5% \u00fcber dem Basissatz der deutschen Bundesbank bei Privatkunden gem. BGB \u00a7288.<\/li><\/ol>\n\n\n\n<ol class=\"wp-block-list\" start=\"0\"><li>Die Jachabauer GbR ist berechtigt, bei Vertragsschluss vom Kunden eine Vorauszahlung oder Sicherheitsleistung zu verlangen.<\/li><\/ol>\n\n\n\n<ol class=\"wp-block-list\" start=\"0\"><li>In begr\u00fcndeten F\u00e4llen, z.B. Zahlungsr\u00fcckstand des Kunden, ist die Jachabauer GbR berechtigt, weitere Leistungen abzulehnen.<\/li><\/ol>\n\n\n\n<ol class=\"wp-block-list\" start=\"0\"><li>Der Kunde kann nur mit einer unstreitigen oder rechtskr\u00e4ftigen Forderung gegen\u00fcber einer Forderung der Jachabauer GbR aufrechnen oder verrechnen.<\/li><\/ol>\n\n\n\n<p>4. R\u00dcCKTRITT DES KUNDEN (ABBESTELLUNG, STORNIERUNG und NoShow)<\/p>\n\n\n\n<ol class=\"wp-block-list\"><li>Ein R\u00fccktritt des Kunden von dem mit der Jachabauer GbR geschlossenen Vertrag bedarf der Zustimmung der Jachabauer GbR in Textform. Erfolgt diese nicht, so ist der vereinbarte Preis aus dem Vertrag auch dann zu zahlen, wenn der Kunde vertragliche Leistungen nicht in Anspruch nimmt.<\/li><\/ol>\n\n\n\n<ol class=\"wp-block-list\" start=\"0\"><li>Sofern zwischen der Jachabauer GbR und dem Kunden ein Termin zum kostenfreien R\u00fccktritt vom Vertrag in Textform vereinbart wurde, kann der Kunde bis dahin vom Vertrag zur\u00fccktreten, ohne Zahlungs- oder Schadensersatzanspr\u00fcche der Jachabauer GbR auszul\u00f6sen. Das R\u00fccktrittsrecht des Kunden erlischt, wenn er nicht bis zum vereinbarten Termin sein Recht zum R\u00fccktritt gegen\u00fcber der Jachabauer GbR in Textform aus\u00fcbt.<\/li><\/ol>\n\n\n\n<ol class=\"wp-block-list\" start=\"0\"><li>Bei vom Kunden nicht in Anspruch genommenen Zimmern hat die Jachabauer GbR die Einnahmen aus anderweitiger Vermietung dieser Zimmer anzurechnen. Werden die Zimmer nicht anderweitig vermietet, so kann die Jachabauer GbR die vertraglich vereinbarte Verg\u00fctung zu 100% in Rechnung stellen.<\/li><\/ol>\n\n\n\n<ol class=\"wp-block-list\" start=\"0\"><li>Ein Anrecht auf R\u00fccktritt von dem mit der Jachabauer GbR geschlossenen Vertrag erlischt ab zwei Wochen vor dem vertraglich geregelten Anreisetag. Hinweis: Gem\u00e4\u00df Richtlinie 2011\/83\/EU des europ\u00e4ischen Parlaments, Artikel 16 gilt das 14-t\u00e4gige R\u00fccktrittsrecht nicht f\u00fcr Hotelbuchungen. Es gelten die Stornobedingungen des Hotels.<\/li><\/ol>\n\n\n\n<p>5. R\u00dcCKTRITT DER JACHABAUER GBR<\/p>\n\n\n\n<ol class=\"wp-block-list\"><li>Sofern in Textform vereinbart wurde, dass der Kunde innerhalb einer bestimmten Frist kostenfrei vom Vertrag zur\u00fccktreten kann, ist die Jachabauer GbR ebenfalls in diesem Zeitraum seinerseits berechtigt, vom Vertrag zur\u00fcckzutreten (z.B. nichteinhalten vertraglich vereinbarter Vorauszahlung).<\/li><\/ol>\n\n\n\n<ol class=\"wp-block-list\" start=\"0\"><li>Bei berechtigtem R\u00fccktritt der Jachabauer GbR entsteht kein Anspruch des Kunden auf Schadensersatz.<\/li><\/ol>\n\n\n\n<p>6. ZIMMERBEREITSTELLUNG, -\u00dcBERGABE UND -R\u00dcCKGABE<\/p>\n\n\n\n<ol class=\"wp-block-list\"><li>1. Der Kunde erwirbt keinen Anspruch auf die Bereitstellung bestimmter Zimmer, soweit dieses nicht ausdr\u00fccklich in Textform vereinbart wurde.<\/li><\/ol>\n\n\n\n<ol class=\"wp-block-list\" start=\"0\"><li>2. Gebuchte Zimmer stehen dem Kunden ab 16:30 Uhr des vereinbarten Anreisetages zur Verf\u00fcgung. Der Kunde hat keinen Anspruch auf fr\u00fchere Bereitstellung. Bei Check-In Zeiten nach 19:00 ist rechtzeitig ist dies rechtzeitig bekannt zu geben, es werden dann die Schl\u00fcssel in mit Zahlencode gesicherten Keysafes deponiert.<\/li><\/ol>\n\n\n\n<ol class=\"wp-block-list\" start=\"0\"><li>3. Am vereinbarten Abreisetag sind die Zimmer der Jachabauer GbR sp\u00e4testens um 10:30 Uhr ger\u00e4umt zur Verf\u00fcgung zu stellen. Danach kann die Jachabauer GbR aufgrund der versp\u00e4teten R\u00e4umung des Zimmers f\u00fcr dessen vertrags\u00fcberschreitende Nutzung bis 14:00 Uhr 50% des vollen Logispreises (Listenpreises) in Rechnung stellen, danach 100%.<\/li><\/ol>\n\n\n\n<p>7. HAFTUNG DER JACHABAUER GBR<\/p>\n\n\n\n<ol class=\"wp-block-list\"><li>Die Jachabauer GbR haftet f\u00fcr seine Verpflichtungen aus dem Vertrag. Anspr\u00fcche des Kunden auf Schadensersatz sind ausgeschlossen. Hiervon ausgenommen sind Sch\u00e4den aus der Verletzung des Lebens, des K\u00f6rpers oder der Gesundheit, wenn die Jachabauer GbR die Pflichtverletzung zu vertreten hat, sonstige Sch\u00e4den, die auf einer vors\u00e4tzlichen oder grob fahrl\u00e4ssigen Pflichtverletzung der Jachabauer GbR beruhen und Sch\u00e4den, die auf einer vors\u00e4tzlichen oder fahrl\u00e4ssigen Verletzung von vertragstypischen Pflichten der Jachabauer GbR beruhen. Sollten St\u00f6rungen oder M\u00e4ngel an den Leistungen der Jachabauer GbR auftreten, wird die Jachabauer GbR bei Kenntnis oder auf unverz\u00fcgliche R\u00fcge des Kunden bem\u00fcht sein, f\u00fcr Abhilfe zu sorgen. Der Kunde ist verpflichtet, das ihm Zumutbare beizutragen, um die St\u00f6rung zu beheben und einen m\u00f6glichen Schaden gering zu halten.<\/li><\/ol>\n\n\n\n<ol class=\"wp-block-list\" start=\"0\"><li>2. F\u00fcr eingebrachte Sachen haftet die Jachabauer GbR dem Kunden nach den gesetzlichen Bestimmungen. Danach ist die Haftung beschr\u00e4nkt auf das Hundertfache des Zimmerpreises, jedoch h\u00f6chstens \u20ac 3.500,-und abweichend f\u00fcr Geld, Wertpapieren und Kostbarkeiten h\u00f6chstens bis zu \u20ac 800,-. Geld, Wertpapiere und Kostbarkeiten k\u00f6nnen bis zu einem H\u00f6chstwert von \u20ac 3.500,- im Hotelsafe aufbewahrt werden.<\/li><\/ol>\n\n\n\n<ol class=\"wp-block-list\" start=\"0\"><li>3. Soweit dem Kunden ein Stellplatz in der Garage oder auf einem Parkplatz der Jachabauer GbR, auch gegen Entgelt, zur Verf\u00fcgung gestellt wird, kommt dadurch kein Verwahrungsvertrag zustande. Bei Abhandenkommen oder Besch\u00e4digung auf dem Grundst\u00fcck der Jachabauer GbR abgestellter oder rangierter Kraftfahrzeuge, Anh\u00e4nger, Motorr\u00e4der oder Anh\u00e4nger und deren Inhalte haftet die Jachabauer GbR nicht, au\u00dfer bei Vorsatz oder grober Fahrl\u00e4ssigkeit.<\/li><\/ol>\n\n\n\n<p>8. SCHLUSSBESTIMMUNGEN<\/p>\n\n\n\n<ol class=\"wp-block-list\"><li>1. \u00c4nderungen und Erg\u00e4nzungen des Vertrages oder dieser Allgemeinen Gesch\u00e4ftsbedingungen sollen in Textform erfolgen. Einseitige \u00c4nderungen oder Erg\u00e4nzungen durch den Kunden sind unwirksam.<\/li><\/ol>\n\n\n\n<ol class=\"wp-block-list\" start=\"0\"><li>2. Erf\u00fcllungs- und Zahlungsort ist der Standort der Jachabauer GbR.<\/li><\/ol>\n\n\n\n<ol class=\"wp-block-list\" start=\"0\"><li>3. Es gilt deutsches Recht. Die Anwendung des UN-Kaufrechts und des Kollisionsrechts oder \u00e4hnlichem ist ausgeschlossen.<\/li><\/ol>\n\n\n\n<ol class=\"wp-block-list\" start=\"0\"><li>4. Sollten einzelne Bestimmungen dieser Allgemeinen Gesch\u00e4ftsbedingungen unwirksam oder nichtig sein oder werden, so wird dadurch die Wirksamkeit der \u00fcbrigen Bestimmungen nicht ber\u00fchrt. Im \u00dcbrigen gelten die gesetzlichen Vorschriften.<\/li><\/ol>\n\n\n\n<p>\u201eZuhause auf Zeit\u201c &#8211; Jachabauer GbR , Rev.1 v. 15.02.2019<\/p>\n","protected":false},"excerpt":{"rendered":"<p>Allgemeine Gesch\u00e4ftsbedingungen der Jachabauer GbR 1. GELTUNGSBEREICH Diese Gesch\u00e4ftsbedingungen gelten f\u00fcr Vertr\u00e4ge \u00fcber die mietweise \u00dcberlassung von Hotelzimmern zur Beherbergung und weiteren Leistungen der Jachabauer GbR (Hotelaufnahmevertrag). Die Unter- oder [&hellip;]<\/p>\n","protected":false},"author":1,"featured_media":0,"parent":0,"menu_order":0,"comment_status":"closed","ping_status":"closed","template":"","meta":{"footnotes":""},"class_list":["post-275","page","type-page","status-publish","czr-hentry"],"_links":{"self":[{"href":"https:\/\/jachabauer.de\/index.php?rest_route=\/wp\/v2\/pages\/275","targetHints":{"allow":["GET"]}}],"collection":[{"href":"https:\/\/jachabauer.de\/index.php?rest_route=\/wp\/v2\/pages"}],"about":[{"href":"https:\/\/jachabauer.de\/index.php?rest_route=\/wp\/v2\/types\/page"}],"author":[{"embeddable":true,"href":"https:\/\/jachabauer.de\/index.php?rest_route=\/wp\/v2\/users\/1"}],"replies":[{"embeddable":true,"href":"https:\/\/jachabauer.de\/index.php?rest_route=%2Fwp%2Fv2%2Fcomments&post=275"}],"version-history":[{"count":1,"href":"https:\/\/jachabauer.de\/index.php?rest_route=\/wp\/v2\/pages\/275\/revisions"}],"predecessor-version":[{"id":277,"href":"https:\/\/jachabauer.de\/index.php?rest_route=\/wp\/v2\/pages\/275\/revisions\/277"}],"wp:attachment":[{"href":"https:\/\/jachabauer.de\/index.php?rest_route=%2Fwp%2Fv2%2Fmedia&parent=275"}],"curies":[{"name":"wp","href":"https:\/\/api.w.org\/{rel}","templated":true}]}}