{"id":330,"date":"2022-06-02T06:15:40","date_gmt":"2022-06-02T06:15:40","guid":{"rendered":"https:\/\/jachabauer.de\/?page_id=330"},"modified":"2022-06-02T06:15:41","modified_gmt":"2022-06-02T06:15:41","slug":"hausordnung","status":"publish","type":"page","link":"https:\/\/jachabauer.de\/?page_id=330","title":{"rendered":"Hausordnung"},"content":{"rendered":"\n<p>Jeder Gast ist verpflichtet sich gem\u00e4\u00df der Hausordnung des&nbsp;<strong><em>Zuhause auf Zeit &#8211; Jachabauer<\/em><\/strong>&nbsp;zu verhalten. Ein Zuwiderhandeln kann zur K\u00fcndigung des Mietverh\u00e4ltnisses f\u00fchren.&nbsp;<\/p>\n\n\n\n<p><strong>A. Allgemeines<\/strong><\/p>\n\n\n\n<ol class=\"wp-block-list\"><li>Es darf nichts aus den Fenstern geworfen werden.<\/li><li>Aus den Fenstern ist keine W\u00e4sche auszulegen oder zu h\u00e4ngen.<\/li><li>Ver\u00e4nderungen in den R\u00e4umen oder an M\u00f6belst\u00fccken, wie Bohren von L\u00f6chern oder das Einschlagen von N\u00e4geln o.\u00e4. ist nicht gestattet.&nbsp;<\/li><\/ol>\n\n\n\n<p><strong>B. Sicherheit<\/strong><\/p>\n\n\n\n<ol class=\"wp-block-list\"><li>Die Brandschutzverordnung ist zu beachten.<\/li><li>Die Fenster sind bei Sturm, Regen oder Schneefall geschlossen zu halten.<\/li><li>Zwischent\u00fcren in den G\u00e4ngen sind verschlossen zu halten.<\/li><li>Au\u00dferhalb der Zimmer d\u00fcrfen, ohne Erlaubnis, keine Gegenst\u00e4nde abgestellt werden.<\/li><li>In den Fluren, Treppenh\u00e4usern, etc. ist kein offenes Feuer oder brennbares Material gestattet.<\/li><li>Bei Verlust eines Schl\u00fcssels ist dies umgehend&nbsp;<strong><em>Zuhause auf Zeit &#8211; Jachabauer<\/em><\/strong>&nbsp;mitzuteilen. Schl\u00fcssel und Austausch des Schlosses werden in Rechnung gestellt.<\/li><li>Aus feuerpolizeilichen Gr\u00fcnden d\u00fcrfen keine zus\u00e4tzlichen Ger\u00e4te wie z.B. Tauchsieder, Kochplatten, Heiz\u00f6fen, Klimaanlagen o.\u00e4. in den Apartments aufgestellt werden.&nbsp;<\/li><\/ol>\n\n\n\n<p><strong>C. Abfall<\/strong><\/p>\n\n\n\n<ol class=\"wp-block-list\"><li>Der Hausm\u00fcll ist in die bereitgestellten Abfallbeh\u00e4lter im Hof von&nbsp;<strong><em>Zuhause auf Zeit &#8211; Jachabauer<\/em><\/strong>&nbsp;zu trennen und entsorgen.&nbsp;<\/li><li>Scharf- bzw. \u00fcbelriechende, leicht entz\u00fcndliche oder sonstige sch\u00e4dliche Stoffe sind gesondert auf eigenen Kosten zu entsorgen.<\/li><li>In Ausguss- oder Toilettenbecken d\u00fcrfen keine Abf\u00e4lle, keine sch\u00e4dlichen Fl\u00fcssigkeiten oder \u00e4hnliches geworfen bzw. gesch\u00fcttet werden.<\/li><li>Im \u00dcbernachtungspreis ist in der Regel eine Endreinigung enthalten. Sofern das Apartment mit au\u00dfergew\u00f6hnlich viel M\u00fcll oder mit starker Verunreinigung hinterlassen wird, werden die zus\u00e4tzlichen Reinigungskosten in Rechnung gestellt.&nbsp;<\/li><li>Zigarettenstumpen sind Abfall, geh\u00f6ren in die bereitgestellten Aschenbecher und nicht auf dem Boden.&nbsp;<\/li><\/ol>\n\n\n\n<p><strong>D. R\u00fccksichtnahme<br><\/strong>Um die Hausgemeinschaft und auch das Erscheinungsbild des&nbsp;<strong><em>Zuhause auf Zeit &#8211; Jachabauer<\/em><\/strong>&nbsp;nicht zu beeintr\u00e4chtigen, gilt f\u00fcr alle G\u00e4ste:&nbsp;<\/p>\n\n\n\n<ol class=\"wp-block-list\"><li>Ruhest\u00f6render L\u00e4rm ist im gesamten Haus zu vermeiden. In den Treppenh\u00e4usern und Hausfluren haben T\u00fcrenschlagen, L\u00e4rm, laute Unterhaltungen und dergleichen zu unterbleiben.<\/li><li>Zwischen 22:00 bis 8:00 Uhr ist Ruhezeit, an Sonn- und Feiertagen auch zwischen 13:00 und 15:00 Uhr. Ruhest\u00f6rende Hausarbeiten bzw. T\u00e4tigkeiten sind w\u00e4hrend dieser Zeit zu vermeiden.<\/li><li>Das Rauchen ist&nbsp;<strong>ausschlie\u00dflich<\/strong>&nbsp;im Freien auf dem daf\u00fcr ausgewiesenen Bereich. Das Rauchen in den Zimmern ist nicht gestattet. Kosten f\u00fcr zus\u00e4tzliche Aufwand\/Reinigung werden in Rechnung gestellt.<\/li><li>Grunds\u00e4tzlich sollten Rundfunk-, Musik- und Fernsehger\u00e4te nur auf Zimmerlautst\u00e4rke geschaltet sein.<\/li><li>Ein respektvoller Umgang gegen\u00fcber den Hausbewohnern ist selbstverst\u00e4ndlich. Auch Familienangeh\u00f6rige und Besucher haben sich dem Anspruch des&nbsp;<strong><em>Zuhause auf Zeit &#8211; Jachabauer<\/em><\/strong>&nbsp;und der Hausordnung entsprechend zu verhalten.&nbsp;<\/li><\/ol>\n\n\n\n<p><strong>E. Haltung von Haustieren<\/strong><\/p>\n\n\n\n<ol class=\"wp-block-list\"><li>Das Halten von Haustieren nur auf Anfrage und nur in Zimmern des Erdgeschosses.&nbsp;<\/li><li>Werden mit Absprache Haustiere gehalten, sind deren Hinterlassenschaften zu beseitigen.&nbsp;<\/li><\/ol>\n","protected":false},"excerpt":{"rendered":"<p>Jeder Gast ist verpflichtet sich gem\u00e4\u00df der Hausordnung des&nbsp;Zuhause auf Zeit &#8211; Jachabauer&nbsp;zu verhalten. Ein Zuwiderhandeln kann zur K\u00fcndigung des Mietverh\u00e4ltnisses f\u00fchren.&nbsp; A. Allgemeines Es darf nichts aus den Fenstern [&hellip;]<\/p>\n","protected":false},"author":1,"featured_media":0,"parent":0,"menu_order":0,"comment_status":"closed","ping_status":"closed","template":"","meta":{"footnotes":""},"class_list":["post-330","page","type-page","status-publish","czr-hentry"],"_links":{"self":[{"href":"https:\/\/jachabauer.de\/index.php?rest_route=\/wp\/v2\/pages\/330","targetHints":{"allow":["GET"]}}],"collection":[{"href":"https:\/\/jachabauer.de\/index.php?rest_route=\/wp\/v2\/pages"}],"about":[{"href":"https:\/\/jachabauer.de\/index.php?rest_route=\/wp\/v2\/types\/page"}],"author":[{"embeddable":true,"href":"https:\/\/jachabauer.de\/index.php?rest_route=\/wp\/v2\/users\/1"}],"replies":[{"embeddable":true,"href":"https:\/\/jachabauer.de\/index.php?rest_route=%2Fwp%2Fv2%2Fcomments&post=330"}],"version-history":[{"count":1,"href":"https:\/\/jachabauer.de\/index.php?rest_route=\/wp\/v2\/pages\/330\/revisions"}],"predecessor-version":[{"id":332,"href":"https:\/\/jachabauer.de\/index.php?rest_route=\/wp\/v2\/pages\/330\/revisions\/332"}],"wp:attachment":[{"href":"https:\/\/jachabauer.de\/index.php?rest_route=%2Fwp%2Fv2%2Fmedia&parent=330"}],"curies":[{"name":"wp","href":"https:\/\/api.w.org\/{rel}","templated":true}]}}