{"id":4,"date":"2022-06-01T09:15:03","date_gmt":"2022-06-01T09:15:03","guid":{"rendered":"https:\/\/jachabauer.de\/?page_id=4"},"modified":"2022-06-02T06:13:54","modified_gmt":"2022-06-02T06:13:54","slug":"willkommen-auf-https-jachabauer-de","status":"publish","type":"page","link":"https:\/\/jachabauer.de\/","title":{"rendered":"Willkommen beim Jachabauer"},"content":{"rendered":"\n<h1 class=\"has-text-align-center wp-block-heading\">Willkommen beim Jachabauer<\/h1>\n\n\n<div class=\"wp-block-image\">\n<figure class=\"aligncenter size-large is-resized\"><img loading=\"lazy\" decoding=\"async\" src=\"https:\/\/jachabauer.de\/wp-content\/uploads\/2022\/06\/logo-transparent-2-1024x637.png\" alt=\"\" class=\"wp-image-280\" width=\"256\" height=\"159\" srcset=\"https:\/\/jachabauer.de\/wp-content\/uploads\/2022\/06\/logo-transparent-2-1024x637.png 1024w, https:\/\/jachabauer.de\/wp-content\/uploads\/2022\/06\/logo-transparent-2-300x187.png 300w, https:\/\/jachabauer.de\/wp-content\/uploads\/2022\/06\/logo-transparent-2-768x478.png 768w, https:\/\/jachabauer.de\/wp-content\/uploads\/2022\/06\/logo-transparent-2-1536x956.png 1536w, https:\/\/jachabauer.de\/wp-content\/uploads\/2022\/06\/logo-transparent-2-2048x1274.png 2048w\" sizes=\"auto, (max-width: 256px) 100vw, 256px\" \/><\/figure>\n<\/div>\n\n<div class=\"wp-block-image\">\n<figure class=\"aligncenter size-large is-resized\"><a href=\"https:\/\/www.booking.com\/hotel\/de\/jachabauer.de.html?label=gen173nr-1FCAsoO0IKamFjaGFiYXVlckgHWARoO4gBAZgBB7gBB8gBDdgBAegBAfgBA4gCAagCBLgC9bSlgAbAAgHSAiQ2YjUzNTE3NS00N2E5LTQ2OTMtOTI1MS02ZDk3NTJmMGJkODHYAgXgAgE;sid=4e1d939596eae4ce3896617dd2239cac;dist=0&amp;keep_landing=1&amp;sb_price_type=total&amp;type=total&amp;\" target=\"_blank\" rel=\"noreferrer noopener\"><img loading=\"lazy\" decoding=\"async\" src=\"https:\/\/jachabauer.de\/wp-content\/uploads\/2022\/06\/sticker1-1024x237.png\" alt=\"\" class=\"wp-image-281\" width=\"256\" height=\"59\" srcset=\"https:\/\/jachabauer.de\/wp-content\/uploads\/2022\/06\/sticker1-1024x237.png 1024w, https:\/\/jachabauer.de\/wp-content\/uploads\/2022\/06\/sticker1-300x70.png 300w, https:\/\/jachabauer.de\/wp-content\/uploads\/2022\/06\/sticker1-768x178.png 768w, https:\/\/jachabauer.de\/wp-content\/uploads\/2022\/06\/sticker1.png 1135w\" sizes=\"auto, (max-width: 256px) 100vw, 256px\" \/><\/a><\/figure>\n<\/div>\n\n\n<p><\/p>\n\n\n\n<p class=\"has-text-align-center\">Unser Haus, oder besser Teile davon sind schon deutlich \u00e4lter als 200 Jahre. Nat\u00fcrlich habe wir alles f\u00fcr unsere G\u00e4ste getan, um unser Haus auf einen modernen Stand zu bringen, so dass jedes Zimmer ein eigenen Bad hat. Nat\u00fcrlich auch TV und Internet (nicht nur irgendwo, sondern im ganzen Haus).&nbsp;<\/p>\n\n\n\n<p class=\"has-text-align-center\">Wir bieten Einzimmerappartments als Einzel- und Doppelzimmer in Vollausstattung.<\/p>\n\n\n\n<p class=\"has-text-align-center\"><strong>Im Mietpreis inbegriffen:<\/strong><\/p>\n\n\n\n<p class=\"has-text-align-center\">W\u00f6chentliche Reinigung der Apartments, Bett- und Frotteew\u00e4sche<\/p>\n\n\n\n<p class=\"has-text-align-center\">Waschm\u00f6glichkeiten (Waschmaschine und Trockner) im Haus vorhanden<\/p>\n\n\n\n<p class=\"has-text-align-center\">Parkplatz<\/p>\n\n\n\n<p class=\"has-text-align-center\">Endreinigung<\/p>\n\n\n\n<p class=\"has-text-align-center\"><strong>Zus\u00e4tzliche Kosten:<\/strong><\/p>\n\n\n\n<p class=\"has-text-align-center\">Fr\u00fchst\u00fccksservice (nur bei Gruppen), nur nach Absprache<\/p>\n\n\n\n<p class=\"has-text-align-center\">Es gibt es eine Gemeinschaftsk\u00fcche, wo man jederzeit kochen kann, sowie einen Gemeinschaftsraum.&nbsp;<\/p>\n\n\n\n<figure class=\"wp-block-image size-large\"><img loading=\"lazy\" decoding=\"async\" width=\"1024\" height=\"768\" src=\"https:\/\/jachabauer.de\/wp-content\/uploads\/2022\/06\/Gemeinschaftsraum01a-1024x768.jpg\" alt=\"\" class=\"wp-image-282\" srcset=\"https:\/\/jachabauer.de\/wp-content\/uploads\/2022\/06\/Gemeinschaftsraum01a-1024x768.jpg 1024w, https:\/\/jachabauer.de\/wp-content\/uploads\/2022\/06\/Gemeinschaftsraum01a-300x225.jpg 300w, https:\/\/jachabauer.de\/wp-content\/uploads\/2022\/06\/Gemeinschaftsraum01a-768x576.jpg 768w, https:\/\/jachabauer.de\/wp-content\/uploads\/2022\/06\/Gemeinschaftsraum01a-1536x1152.jpg 1536w, https:\/\/jachabauer.de\/wp-content\/uploads\/2022\/06\/Gemeinschaftsraum01a-2048x1536.jpg 2048w\" sizes=\"auto, (max-width: 1024px) 100vw, 1024px\" \/><\/figure>\n\n\n\n<p class=\"has-text-align-center has-vivid-red-color has-text-color has-medium-font-size\"><strong>Hinweis: Wir sind ein Nichtraucherhaus und bitten sie, im Haus und in den Zimmern nicht zu rauchen.<\/strong><\/p>\n\n\n\n<p class=\"has-text-align-center\"><strong>Da wir uns eher als Boardinghouse, denn als Hotel oder Pension verstehen, findet kein t\u00e4glicher Zimmerservice statt! <\/strong><\/p>\n\n\n\n<p class=\"has-text-align-center\"><strong>Das Zimmer wird einmal die Woche (oder bei Wechsel) gr\u00fcndlich gereinigt, die Betten frisch bezogen und saubere Handt\u00fccher zur Verf\u00fcgung gestellt.\u00a0<\/strong><\/p>\n","protected":false},"excerpt":{"rendered":"<p>Willkommen beim Jachabauer Unser Haus, oder besser Teile davon sind schon deutlich \u00e4lter als 200 Jahre. Nat\u00fcrlich habe wir alles f\u00fcr unsere G\u00e4ste getan, um unser Haus auf einen modernen [&hellip;]<\/p>\n","protected":false},"author":1,"featured_media":0,"parent":0,"menu_order":0,"comment_status":"closed","ping_status":"open","template":"","meta":{"footnotes":""},"class_list":["post-4","page","type-page","status-publish","czr-hentry"],"_links":{"self":[{"href":"https:\/\/jachabauer.de\/index.php?rest_route=\/wp\/v2\/pages\/4","targetHints":{"allow":["GET"]}}],"collection":[{"href":"https:\/\/jachabauer.de\/index.php?rest_route=\/wp\/v2\/pages"}],"about":[{"href":"https:\/\/jachabauer.de\/index.php?rest_route=\/wp\/v2\/types\/page"}],"author":[{"embeddable":true,"href":"https:\/\/jachabauer.de\/index.php?rest_route=\/wp\/v2\/users\/1"}],"replies":[{"embeddable":true,"href":"https:\/\/jachabauer.de\/index.php?rest_route=%2Fwp%2Fv2%2Fcomments&post=4"}],"version-history":[{"count":6,"href":"https:\/\/jachabauer.de\/index.php?rest_route=\/wp\/v2\/pages\/4\/revisions"}],"predecessor-version":[{"id":329,"href":"https:\/\/jachabauer.de\/index.php?rest_route=\/wp\/v2\/pages\/4\/revisions\/329"}],"wp:attachment":[{"href":"https:\/\/jachabauer.de\/index.php?rest_route=%2Fwp%2Fv2%2Fmedia&parent=4"}],"curies":[{"name":"wp","href":"https:\/\/api.w.org\/{rel}","templated":true}]}}